{"id":18,"date":"2016-05-14T19:23:27","date_gmt":"2016-05-14T19:23:27","guid":{"rendered":"http:\/\/www.domogeshetruth.com\/?page_id=18"},"modified":"2017-09-15T11:09:58","modified_gmt":"2017-09-15T18:09:58","slug":"letter-from-dungkar-gonpa-society","status":"publish","type":"page","link":"https:\/\/domogeshetruth.com\/de\/brief-der-dungkar-gonpa-society\/","title":{"rendered":"Brief der Dungkar Gonpa Society"},"content":{"rendered":"<p>Die Dungkar Gonpa Society (DGS) wurde 1976 von Kyabje Domo Geshe Rinpoche in New York State gegr\u00fcndet, kurz nach seiner Ankunft in den USA. Dabei handelt es sich um den nordamerikanischen Arm seiner Organisationen in Indien und Tibet. Die DGS war an der Suche nach Rinpoche\u2019s Reinkarnation beteiligt und verk\u00fcndete 2006 die Wahl des Kindes. <a href=\"http:\/\/www.domogesherinpoche.org\" target=\"_blank\" rel=\"noopener noreferrer\">Auf deren Website<\/a> k\u00f6nnen Sie mehr \u00fcber diesen Vorgang erfahren.<\/p>\n<p>In 2004, w\u00e4hrend der Auswahlprozess immer noch im Gange war, sandte die DGS Verwaltung den folgenden Brief an die Verwaltung des White Conch Dharma Center. Es spezifiziert, warum sie Taras Anspruch ablehnen und wiederholt ihre Bitte, dass sie aufh\u00f6ren soll, den Namen ihres Lehrers zu benutzen.<\/p>\n<p>Wer daran interessiert ist, Tara hat pers\u00f6nlich auf diesen Brief reagiert mit einer stream-of-consciousness <a href=\"\/de\/taras-antwort-an-die-dgs\/\" target=\"_blank\" rel=\"noopener noreferrer\">email message<\/a>, welche einen ungefilterten Einblick in ihre Perspektive vermittelt.<\/p>\n<blockquote><p><img data-attachment-id=\"21\" data-permalink=\"https:\/\/domogeshetruth.com\/de\/letter-from-dungkar-gonpa-society\/attachment\/4862255\/\" data-orig-file=\"https:\/\/i0.wp.com\/domogeshetruth.com\/wp-content\/uploads\/2016\/05\/4862255.png?fit=277%2C242&amp;ssl=1\" data-orig-size=\"277,242\" data-comments-opened=\"1\" data-image-meta=\"{&quot;aperture&quot;:&quot;0&quot;,&quot;credit&quot;:&quot;&quot;,&quot;camera&quot;:&quot;&quot;,&quot;caption&quot;:&quot;&quot;,&quot;created_timestamp&quot;:&quot;0&quot;,&quot;copyright&quot;:&quot;&quot;,&quot;focal_length&quot;:&quot;0&quot;,&quot;iso&quot;:&quot;0&quot;,&quot;shutter_speed&quot;:&quot;0&quot;,&quot;title&quot;:&quot;&quot;,&quot;orientation&quot;:&quot;0&quot;}\" data-image-title=\"\" data-image-description=\"\" data-image-caption=\"\" data-medium-file=\"https:\/\/i0.wp.com\/domogeshetruth.com\/wp-content\/uploads\/2016\/05\/4862255.png?fit=277%2C242&amp;ssl=1\" data-large-file=\"https:\/\/i0.wp.com\/domogeshetruth.com\/wp-content\/uploads\/2016\/05\/4862255.png?fit=277%2C242&amp;ssl=1\" loading=\"lazy\" class=\"size-full wp-image-21 aligncenter\" src=\"\/wp-content\/uploads\/2016\/05\/4862255.png\" alt=\"\" width=\"277\" height=\"242\" \/><\/p>\n<p>Der folgende Brief dr\u00fcckt die Position der Dungkar Gonpa Society \u00fcber die Frau aus, die sich selbst als Domo Geshe Rinpoche bezeichnet:<\/p>\n<p>Dezember 1, 2004<\/p>\n<p>White Conch Dharma Center<br \/>\n33 Estrella Drive<br \/>\nSanta Rosa, California 95403<\/p>\n<p>An: Marjorie Quinn, auch bekannt als Tara Dadak und die Mitglieder des White Conch Dharma Centers:<\/p>\n<p>Wir, das Direktorium und die Mitglieder der Dungkar Gonpa Society; die Bewohner von Gangjong Namgyal, dem nordamerikanischen Sitz von Kyabje Domo Geshe Rinpoche; die M\u00f6nche von Kyabje Domo Geshe Rinpoche\u2019s Kl\u00f6stern in Indien und Tibet; und die J\u00fcnger von Kyabje Domo Geshe Rinpoche in aller Welt, erkl\u00e4ren gemeinsam, dass wie die Anspr\u00fcche von Ms. Quinn-Dadak nicht akzeptieren, sie sei die authentische Reinkarnation des letzten Domo Geshe Rinpoche, unserem verehrten Guru.<\/p>\n<p>Als Antwort auf Ms. Quinn-Dadak\u2019s Behauptungen m\u00f6chten wir das Folgende feststellen:<\/p>\n<p>1. Die Gelug Tradition zu welcher Ms. Quinn-Dadak vorgibt, als Domo Geshe Rinpoche zu geh\u00f6ren, erlaubt nicht und anerkennt nicht selbsternannte Reinkarnationen, wie ihre eigene. Nach der Gelug Schule des Tibetan Buddhism m\u00fcssen alle Reinkarnations offiziell durch andere inkarnierte Lamas anerkannt werden. Das ist bei ihr nicht der Fall. Demzufolge kann weder ihre angenommene Identit\u00e4t, noch irgendeine ihrer als Domo Geshe Rimpoche get\u00e4tigten Handlungen in diesem Land oder im Ausland, inklusive der Ordination von M\u00f6nchen und Nonnen als legitim angesehen werden.<\/p>\n<p>2. Die Kl\u00f6ster und Sch\u00fcler von Kyabje Domo Geshe Rinpoche in Indien und in Tibet, wie auch seine Sch\u00fcler in den USA und alle in der Welt haben einstimmig H.H. Trijang Chocktrul Rinpoche, die Reinkarnation von Kyabje Domo Geshe Rinpoche\u2019s urspr\u00fcnglichen Guru, als alleinig verantwortlich f\u00fcr die formale Anerkennung der n\u00e4chsten Reinkarnation unseres verehrten Guru befunden. H.H. Trijang Chocktrul Rinpoche hat uns dar\u00fcber informiert, dass die Inkarnation schon geboren und jetzt ein kleines Kind ist. Das bedeutet, dass absehbarer Zeit dieses Kind als Domo Geshe Rinpoche anerkannt werden wird.<\/p>\n<p>3. Daher lehnen H.H. Trijang Chocktrul Rinpoche, seine Sch\u00fcler und alle Sch\u00fcler des letzten Kyabje Domo Geshe Rinpoche kategorisch jeglichen Anspruch irgendeiner anderen Person ab, die wahre Inkarnation zu sein, sei sie Mann oder Frau, amerikanisch oder tibetisch.<\/p>\n<p>Im Mai, 2003 schrieb ein von der Dungkar Gonpa Society beauftragter Anwalt an Ms. Quinn-Dadak um sie darin anzuleiten, damit aufzuh\u00f6ren, sich als Domo Geshe Rinpoche auszugeben. Wir haben mehr als ein Jahr darauf gewartet, dass sie darin einwilligt, doch ohne Erfolg. Wir erwarten aus den o. g. Gr\u00fcnden:<\/p>\n<p>1. Ms. Quinn-Dadak muss aufh\u00f6ren, den Namen von Domo Geshe Rinpoche zu benutzen.<br \/>\n2. Ms. Quinn-Dadak muss ihren Anspruch beenden, die Inkarnation von Domo Geshe Rinpoche zu sein.<br \/>\n3. Das White Conch Dharma Center muss alle Statements von der Website entfernen, die Ms. Quinn-Dadak als Inkarnation von Domo Geshe Rinpoche ausweisen.<br \/>\n4. Der Satz \u201cweibliche Inkarnation von Domo Geshe,\u201d welchen das White Conch Dharma Center dem Gedicht Wonderful Golden Rosary hinzugef\u00fcgt hat, muss gel\u00f6scht werden und das Gedicht selbst muss von der Website entfernt werden.<\/p>\n<p>Sollte diesen Forderungen innerhalb von 21 Tagen nach dem Datum dieses Briefes nicht entsprochen werden, werden wir Kopien dieses Briefes \u00f6ffenlich und weithin erh\u00e4ltlich machen. Was auch immer Ms. Quinn-Dadak unter ihrem eigenen Namen tut oder lehrt, ist nicht unsere Angelegenheit. Sie soll jedoch nicht den Namen \u201cDomo Geshe Rinpoche\u201d verwenden oder weiterhin vort\u00e4uschen, seine wahre Inkarnation zu sein.<\/p>\n<p>Sheila K. Hixon, Philip Glass, and Ann Ogburn | Dungkar Gonpa Society<br \/>\ncc Kyabje Trijang Chocktrul Rinpoche<br \/>\nWhite Conch Dharma Center, Madison WI<\/p><\/blockquote>\n","protected":false},"excerpt":{"rendered":"<p>Die Dungkar Gonpa Society (DGS) wurde 1976 von Kyabje Domo Geshe Rinpoche in New York State gegr\u00fcndet, kurz nach seiner Ankunft in den USA. Dabei handelt es sich um den nordamerikanischen Arm seiner Organisationen in Indien und Tibet. Die DGS war an der Suche nach Rinpoche\u2019s Reinkarnation beteiligt und verk\u00fcndete 2006 die Wahl des Kindes. [&hellip;]<\/p>\n","protected":false},"author":2,"featured_media":0,"parent":0,"menu_order":0,"comment_status":"closed","ping_status":"closed","template":"","meta":{"spay_email":""},"translation":{"provider":"WPGlobus","version":"2.8.10","language":"de","enabled_languages":["en","de"],"languages":{"en":{"title":true,"content":true,"excerpt":false},"de":{"title":true,"content":true,"excerpt":false}}},"jetpack_sharing_enabled":true,"jetpack_shortlink":"https:\/\/wp.me\/P7xvQG-i","jetpack-related-posts":[{"id":273,"url":"https:\/\/domogeshetruth.com\/de\/quellen\/","url_meta":{"origin":18,"position":0},"title":"Quellen","date":"May 30, 2016","format":false,"excerpt":"{:en} Official Responses Rejection Letter from the Dungkar Gonpa Society Formal letter\u00a0from the DGS Board and Trijang Choktrul Rinpoche rejecting Tara's claim to be Domo Geshe Rinpoche. Office of His Holiness the Dalai Lama The Dalai Lama officially recognized a different individual in 2006, despite the numerous letters Tara and\u2026","rel":"","context":"Similar post","img":{"alt_text":"","src":"","width":0,"height":0},"classes":[]},{"id":78,"url":"https:\/\/domogeshetruth.com\/de\/suche-der-anerkennung\/","url_meta":{"origin":18,"position":1},"title":"Suche der Anerkennung","date":"May 15, 2016","format":false,"excerpt":"{:en} Whatever Ms. Quinn-Dadak does or teaches under her own name is not our concern. However, she may not use the name \"Domo Geshe Rinpoche\" nor may she continue to pretend to be his true incarnation. -Dungkar Gonpa Society Tara tried countless times to get the seal of approval as\u2026","rel":"","context":"Similar post","img":{"alt_text":"","src":"\/wp-content\/uploads\/2016\/05\/Tara-in-front-of-Samten-Choling-1.png","width":350,"height":200},"classes":[]},{"id":51,"url":"https:\/\/domogeshetruth.com\/de\/taras-antwort-an-die-dgs\/","url_meta":{"origin":18,"position":2},"title":"Tara&#8217;s Antwort an die DGS","date":"May 14, 2016","format":false,"excerpt":"{:en}In response to the\u00a0Dungkar Gonpa Society's letter, Tara sent the below message, addressed\u00a0to a representative of the DGS board as well as most administrative staff of her organization. Unlike the formal response her organization would\u00a0later send, this was not the work of a committee. It was a\u00a0personal message\u00a0from Tara, reflecting\u2026","rel":"","context":"Similar post","img":{"alt_text":"","src":"","width":0,"height":0},"classes":[]},{"id":326,"url":"https:\/\/domogeshetruth.com\/de\/antwort-auf-kritik\/","url_meta":{"origin":18,"position":3},"title":"Antwort auf Kritik","date":"June 11, 2016","format":false,"excerpt":"{:en} I am Domo Geshe and wish to inform you that these are lies lies lies that are telling about me. the web site you leave messages with others is lies and lies and lies!!!! I am Domo Geshe. The lies are so outrageous. It keep getting more strange and\u2026","rel":"","context":"Similar post","img":{"alt_text":"","src":"","width":0,"height":0},"classes":[]},{"id":4,"url":"https:\/\/domogeshetruth.com\/de\/","url_meta":{"origin":18,"position":4},"title":"Startseite","date":"May 14, 2016","format":false,"excerpt":"{:en} In 2001, a native Minnesotan in her mid-fifties began a curious claim. It\u00a0started quietly but gradually became louder and bolder. Tara Wangchuk, a Tibetan Buddhist nun for nearly 10 years, began telling attendees at her small talks that despite appearing to be an American woman, she\u00a0was in fact a\u2026","rel":"","context":"Similar post","img":{"alt_text":"","src":"","width":0,"height":0},"classes":[]},{"id":2376,"url":"https:\/\/domogeshetruth.com\/de\/life-timeline\/","url_meta":{"origin":18,"position":5},"title":"Timeline","date":"April 29, 2020","format":false,"excerpt":"We've never known much about Tara's past, since she talks about it only rarely. On top of that, public information has been difficult to find because of all the names she's had - Marjorie Larson, Marjorie Quinn, Tara Quinn, Tara Dadak, Ngawang Chodon, Domo Geshe Rinpoche, Tara Wangchuk - and\u2026","rel":"","context":"Similar post","img":{"alt_text":"","src":"","width":0,"height":0},"classes":[]}],"_links":{"self":[{"href":"https:\/\/domogeshetruth.com\/de\/wp-json\/wp\/v2\/pages\/18"}],"collection":[{"href":"https:\/\/domogeshetruth.com\/de\/wp-json\/wp\/v2\/pages"}],"about":[{"href":"https:\/\/domogeshetruth.com\/de\/wp-json\/wp\/v2\/types\/page"}],"author":[{"embeddable":true,"href":"https:\/\/domogeshetruth.com\/de\/wp-json\/wp\/v2\/users\/2"}],"replies":[{"embeddable":true,"href":"https:\/\/domogeshetruth.com\/de\/wp-json\/wp\/v2\/comments?post=18"}],"version-history":[{"count":54,"href":"https:\/\/domogeshetruth.com\/de\/wp-json\/wp\/v2\/pages\/18\/revisions"}],"predecessor-version":[{"id":663,"href":"https:\/\/domogeshetruth.com\/de\/wp-json\/wp\/v2\/pages\/18\/revisions\/663"}],"wp:attachment":[{"href":"https:\/\/domogeshetruth.com\/de\/wp-json\/wp\/v2\/media?parent=18"}],"curies":[{"name":"wp","href":"https:\/\/api.w.org\/{rel}","templated":true}]}}