{"id":193,"date":"2016-05-28T14:22:03","date_gmt":"2016-05-28T19:22:03","guid":{"rendered":"http:\/\/www.domogeshetruth.com\/?page_id=193"},"modified":"2020-05-22T00:19:51","modified_gmt":"2020-05-22T07:19:51","slug":"grandiose-claims","status":"publish","type":"page","link":"https:\/\/domogeshetruth.com\/de\/grandiose-behauptungen\/","title":{"rendered":"Grandiose Behauptungen"},"content":{"rendered":"<\/p>\n<blockquote><p>In Vajrayana sagen wir, wenn ein Lehrer behauptet, hellseherische Kr\u00e4fte zu haben oder Wunder zu vollbringen, oder zu sagen, dass er oder sie eine direkte Botschaft von Buddha hat, oder besondere Energien und Heilungsf\u00e4higkeiten oder ein hohes Ma\u00df an Verwirklichung annimmt, dann ist definitiv etwas falsch. Das ist kein authentischer Lehrer.<\/p>\n<p style=\"text-align: right;\">-Yongey Mingyur Rinpoche<span title='Aus &#8220;Choosing a Teacher.&#8220;' class='inline-footnote' style=''>1<span class='footnoteContent' style='display:none;'>Aus &#8220;<a href=\"http:\/\/learning.tergar.org\/wp-content\/uploads\/2016\/02\/NOP201612-WR-YMR-TCIC-Choosing-a-Teacher.pdf\">Choosing a Teacher.<\/a>&#8220;<\/span><\/span><\/p>\n<\/blockquote>\n<p>Ein Freund schickte uns dieses Zitat, weil es ihn an Tara erinnerte. Ihre Sch\u00fcler wissen, dass sie all die obengenannten Behauptungen aufstellte.<span title='Ein regelm\u00e4\u00dfiger Teil der Einkehr mit ihr ist, sich von ihr seinen mentalen Zustand \u201elesen\u201c zu lassen und dann seine angeblichen \u00c4ngste vor den anderen zu \u00e4u\u00dfern. W\u00e4hrend ihrer Karriere als Guru hat sie behauptet, Menschen geheilt zu haben. Sie behauptete, eine Nachricht von Je Tsongkhapa, dem Gr\u00fcnder der Gelug-Linie, w\u00e4hrend ihrer Einkehr in Bali im Januar 2005 erhalten zu haben.' class='inline-footnote' style=''>2<span class='footnoteContent' style='display:none;'>Ein regelm\u00e4\u00dfiger Teil der Einkehr mit ihr ist, sich von ihr seinen mentalen Zustand \u201elesen\u201c zu lassen und dann seine angeblichen \u00c4ngste vor den anderen zu \u00e4u\u00dfern. W\u00e4hrend ihrer Karriere als Guru hat sie behauptet, Menschen geheilt zu haben. Sie behauptete, eine Nachricht von Je Tsongkhapa, dem Gr\u00fcnder der Gelug-Linie, w\u00e4hrend ihrer Einkehr in Bali im Januar 2005 erhalten zu haben.<\/span><\/span><\/p>\n<p>Weiter unten steht ein Beispiel f\u00fcr andere Behauptungen, die Tara \u00fcber die Jahre aufstellte. Die Liste ist deshalb so kurz, weil wir sie auf F\u00e4lle, in denen Referenzen gegeben werden konnten, limitierten. Es \u00fcberrascht nicht, dass sie die extremsten Dinge am Anfang ihrer Karriere als Domo Geshe Rinpoche sagte, bevor sie lernte, sie etwas abzumildern.<\/p>\n<p>1. Sie ist ein Guru\/Buddha.<span title='Eins vieler Beispiele ihrer Behauptung ein Guru zu sein, findet sich in der Einleitung ihrer Rede Motivations vom 18. April 2002: \u201eIch bin ein Guru der Gelug-Tradition des Tibetischen Buddhismus. Und ich bin Amerikaner, nein, ich bin kein Amerikaner, ich bin Tibeter. Ich bin 1937 in Tibet geboren und ich bin hier in einer amerikanischen Form, um Amerikaner zu lehren, was es bedeutet, Buddhist zu sein. Was es bedeutet, Buddhist zu sein und wie man erleuchtet wird \u2013 Das ist alles, was ich tue. Ich lehre Wesen, wie man erleuchtet wird.\u201c' class='inline-footnote' style=''>3<span class='footnoteContent' style='display:none;'>Eins vieler Beispiele ihrer Behauptung ein Guru zu sein, findet sich in der Einleitung ihrer Rede Motivations vom 18. April 2002: \u201eIch bin ein Guru der Gelug-Tradition des Tibetischen Buddhismus. Und ich bin Amerikaner, nein, ich bin kein Amerikaner, ich bin Tibeter. Ich bin 1937 in Tibet geboren und ich bin hier in einer amerikanischen Form, um Amerikaner zu lehren, was es bedeutet, Buddhist zu sein. Was es bedeutet, Buddhist zu sein und wie man erleuchtet wird \u2013 Das ist alles, was ich tue. Ich lehre Wesen, wie man erleuchtet wird.\u201c<\/span><\/span> <span title='In einer privaten Unterhaltung Ende 2001 fragte einer von uns, ob sie ein bodhisattva sei und sie sagte: \u201eIch war ein bodhisattva, aber dann verbesserte ich mich.\u201c Im Buddhismus generell sind Wesen, die \u00fcber das bodhisattva-Sein hinausgegangen sind, Buddhas. Diese Nachricht wurde unterschrieben, wie sie alle E-Mails zu der Zeit unterschrieb \u2013 \u201eGuru.\u201c' class='inline-footnote' style=''>4<span class='footnoteContent' style='display:none;'>In einer privaten Unterhaltung Ende 2001 fragte einer von uns, ob sie ein bodhisattva sei und sie sagte: \u201eIch war ein bodhisattva, aber dann verbesserte ich mich.\u201c Im Buddhismus generell sind Wesen, die \u00fcber das bodhisattva-Sein hinausgegangen sind, Buddhas. Diese Nachricht wurde unterschrieben, wie sie alle E-Mails zu der Zeit unterschrieb \u2013 \u201eGuru.\u201c<\/span><\/span> In der Buddhistischen Tradition beschreiben beide Worte ein Wesen, dass eins der h\u00f6chsten Stufen der Erleuchtung erreicht hat. Sie sagte das Folgende in einer \u00f6ffentlichen Rede:<\/p>\n<blockquote style=\"margin-left: 30px;\"><p>Sollte ein gro\u00dfer Guru auf dich zukommen und sagen \u201eIch glaube, dass du Qualit\u00e4ten hast und ich will dir alles beibringen, was ich wei\u00df. Wirst du bitte mein Sch\u00fcler?\u201c und er legt seine Hand auf deinen Kopf und du f\u00e4llst um. Und du sagst \u201eDas ist die wunderbarste Gelegenheit, die mir je begegnet ist. Ich muss sie nutzen.\u201c Jeder Sch\u00fcler, den ich je hatte, hat so gedacht. \u201eDies ist die wunderbarste Gelegenheit und ich werde sie nicht vorbeiziehen lassen.\u201c<\/p>\n<p>Jedoch bin ich in meinem amerikanischen K\u00f6rper welchen begegnet, die sagten (t\u00e4uscht eine weinerliche Stimme vor) \u201eEhhhhh, Ich wei\u00df nicht\u2026Ich denke dar\u00fcber nach und beobachte, wo diese Dinge hinf\u00fchren. Ich werde es mir ansehen\u2026Ehhhhh, also wenn du mir etwas sagen m\u00f6chtest, okay. Aber halt dich kurz, ich habe nur 15 oder 20 Minuten.\u201c\u2026<\/p>\n<p>Mit dieser Art kann ich umgehen. Was auch immer. Das habe ich von Amerikanern gelernt \u2013 \u201ewas auch immer\u201c. Und ich kann das perfekt sagen \u2013 was auch immer. Und meine ich das? Nein, das meine ich nicht. Weil ich euch alle mehr liebe als ihr euch selbst liebt.\u201c<span title='Aus ihrer Rede\u00a0Buddhist Foundations &#8211; 2, gehalten am 25. September 2001' class='inline-footnote' style=''>5<span class='footnoteContent' style='display:none;'>Aus ihrer Rede\u00a0<em>Buddhist Foundations &#8211; 2<\/em>, gehalten am 25. September 2001<\/span><\/span><\/p><\/blockquote>\n<p>2. Sie ist seit 35.000 Jahren erleuchtet und verrichtete erleuchtete Arbeit in Lemuria, Atlantis, \u00c4gypten, Indien, Tibet und jetzt in den Vereinigten Staaten.<span title='Aus ihrer Rede Heruka Realm Reality, gehalten am 12. August 2003' class='inline-footnote' style=''>6<span class='footnoteContent' style='display:none;'>Aus ihrer Rede <em>Heruka Realm Reality<\/em>, gehalten am 12. August 2003<\/span><\/span><\/p>\n<blockquote style=\"margin-left: 30px;\"><p>Ich bin eine der \u00e4ltesten Abstammungen Rinpoches im Tibetischen Buddhismus.<span title='Aus ihrer Rede Refuge and the Needs of Living Beings, 3. April 2003' class='inline-footnote' style=''>7<span class='footnoteContent' style='display:none;'>Aus ihrer Rede <em>Refuge and the Needs of Living Beings<\/em>, 3. April 2003<\/span><\/span><\/p>\n<p>Ich bin eine der \u00e4ltesten Abstammungen Rinpoches in den tibetischen Annalen.<span title='Aus ihrer Rede Multidimensional Being, 17. M\u00e4rz 2004' class='inline-footnote' style=''>8<span class='footnoteContent' style='display:none;'>Aus ihrer Rede <em>Multidimensional Being<\/em>, 17. M\u00e4rz 2004<\/span><\/span><\/p><\/blockquote>\n<p>3. Sie war einige der ber\u00fchmtesten Individuen der buddhistischen Geschichte \u2013 Shariputra, K\u00f6nig Th\u00f6nmi Sambhota, Dromt\u00f6npa und Milarepa. Diese werden tats\u00e4chlich f\u00fcr vorherige Leben des Kyabje Domo Geshe Rinpoche gehalten, aber wir zweifeln daran, dass Rinpoche sie so h\u00e4ufig, und tats\u00e4chlich so beil\u00e4ufig, erw\u00e4hnte wie Tara.<span title='Shariputra war einer der beiden Hauptj\u00fcnger des historischen Buddha. Aus ihrer Rede Initiations Explained vom 26. M\u00e4rz 2003. Th\u00f6nmi Sambhota war ein fr\u00fcher tibetischer K\u00f6nig, der dazu beigetragen hat, die tibetische Sprache zu entwickeln. Dromt\u00f6npa war der prim\u00e4re Sch\u00fcler von Atisha und spielte eine bahnbrechende Rolle in der Etablierung des Buddhismus in Tibet.' class='inline-footnote' style=''>9<span class='footnoteContent' style='display:none;'>Shariputra war einer der beiden Hauptj\u00fcnger des historischen Buddha. Aus ihrer Rede <em>Initiations Explained<\/em> vom 26. M\u00e4rz 2003. Th\u00f6nmi Sambhota war ein fr\u00fcher tibetischer K\u00f6nig, der dazu beigetragen hat, die tibetische Sprache zu entwickeln. Dromt\u00f6npa war der prim\u00e4re Sch\u00fcler von Atisha und spielte eine bahnbrechende Rolle in der Etablierung des Buddhismus in Tibet.<\/span><\/span><\/p>\n<blockquote style=\"margin-left: 30px;\"><p>Ich habe \u00fcber mehrere meiner vergangenen Leben nachgedacht, insbesondere das eines Tibeters namens Thonmi Sambhota. Ich habe keine aktiven Erinnerungen, aber ich wei\u00df von dieser Lebzeit. Thonmi Sambhota wurde berufen und \u00fcbernahm die Verantwortung f\u00fcr die Entwicklung der geschriebenen tibetischen Sprache. Wir hatten keine Schriftsprache in Tibet\u2026auf der Sanskrit-Sprache basierend, war ich in der Lage, das tibetische Alphabet zu kreieren. So wurde das heilige Dharma wiedergeschaffen.<\/p>\n<p>Auch dachte ich \u00fcber Atishas Zeit nach. Sein tibetischer Sch\u00fcler hie\u00df Je Dromtoenpa. Je Dromtoenpa wuchs auf im Bed\u00fcrfnis einer neuen \u00dcbertragung des Buddhismus vom urspr\u00fcnglichen Land Indien nach Tibet. Deshalb muss ich es lieben, weil selbst zu dieser Zeit gab es ein Problem. Sie nennen das, was Atisha gemacht hat; die zweite Verbreitung des Buddhismus in Tibet. Ich war bei der zweiten Verbreitung dabei\u2026 Ich sage das wirklich nicht aus der Ego-Perspektive.<span title=' Aus ihrer Lehrreihe Becoming a Buddhist, 31. M\u00e4rz bis 7. April 2003. Ausz\u00fcge dieser Rede wurden sp\u00e4ter als ein Interview auf der White Conch Website publiziert. (Archivierte Seite).' class='inline-footnote' style=''>10<span class='footnoteContent' style='display:none;'> Aus ihrer Lehrreihe <em>Becoming a Buddhist<\/em>, 31. M\u00e4rz bis 7. April 2003. Ausz\u00fcge dieser Rede wurden sp\u00e4ter als ein <a href=\"https:\/\/web.archive.org\/web\/20030421060838\/http:\/\/www.white-conch.org\/interview.html\" target=\"_blank\" rel=\"noopener noreferrer\">Interview auf der White Conch Website<\/a> publiziert. (Archivierte Seite).<\/span><\/span><\/p><\/blockquote>\n<p>4. Einer ihrer Sch\u00fcler erlangte Erleuchtung nur ein Jahr nachdem sie als Domo Geshe Rinpoche zu unterrichten begann.<span title='Unterhaltung zwischen Tara und Exerzitanten in Indien, November 2002' class='inline-footnote' style=''>11<span class='footnoteContent' style='display:none;'>Unterhaltung zwischen Tara und Exerzitanten in Indien, November 2002<\/span><\/span> Man fand sp\u00e4ter heraus, dass dieses Individuum unter Halluzinationen litt, die von Malaria-Medikation indiziert waren. Sechs Monate sp\u00e4ter, berichtete sie von weiteren Sch\u00fclern, die erleuchtet worden w\u00e4ren.<span title='Aus ihrer Rede Kharma: The law of cause and effect, 26. Juni 2003' class='inline-footnote' style=''>12<span class='footnoteContent' style='display:none;'>Aus ihrer Rede <em>Kharma: The law of cause and effect<\/em>, 26. Juni 2003<\/span><\/span> In j\u00fcngster Zeit sagte sie, dass ein hochrangiger Lama drei oder vier Sch\u00fcler haben k\u00f6nnte, die unter seiner Anleitung erleuchtet werden k\u00f6nnen. Sie entschied sich, zu \u201e\u00fcberpr\u00fcfen\u201c, wie viele unter ihrer Anleitung bis dahin erleuchtet wurden und kam auf ungef\u00e4hr 80. <span title='Sie fuhr mit der Aussage fort, dass diese Sch\u00fcler entweder erleuchtet oder sehr nah an der Erleuchtung waren \u2013 und um die Erleuchtungserfahrung zu bekommen und zu stabilisieren m\u00fcssten Sch\u00fcler eine verl\u00e4ngerte Einkehr auf ihrem Anwesen haben. Zu der Zeit war sie mit der letzten Runde des Fundraising f\u00fcr die selbe Exerzitien-Anlage besch\u00e4ftigt. Aus ihrer Rede Personal Balance vom 17. April 2015.' class='inline-footnote' style=''>13<span class='footnoteContent' style='display:none;'>Sie fuhr mit der Aussage fort, dass diese Sch\u00fcler entweder erleuchtet oder sehr nah an der Erleuchtung waren \u2013 und um die Erleuchtungserfahrung zu bekommen und zu stabilisieren m\u00fcssten Sch\u00fcler eine verl\u00e4ngerte Einkehr auf ihrem Anwesen haben. Zu der Zeit war sie mit der letzten Runde des Fundraising f\u00fcr die selbe Exerzitien-Anlage besch\u00e4ftigt. Aus ihrer Rede <em>Personal Balance<\/em> vom 17. April 2015.<\/span><\/span><\/p>\n<p>5. Die \u00dcbertragungen, die sie ihren Sch\u00fclern erteilte, war bis dahin nur den hochrangigsten Gurus in Tibet zug\u00e4nglich. In anderen Worten: Es ist sehr selten und wertvoll. Ein Sch\u00fcler k\u00f6nnte daraus nat\u00fcrlich schlie\u00dfen, dass es wenig Chancen gibt, etwas \u00e4hnliches bei einem anderen Lehrer zu finden.<span title='Aus ihrer Rede Initiations Explained vom 26. M\u00e4rz 2003.Abrufbar auf der White Conch Website.' class='inline-footnote' style=''>14<span class='footnoteContent' style='display:none;'>Aus ihrer Rede <em>Initiations Explained<\/em> vom 26. M\u00e4rz 2003.<a href=\"http:\/\/www.white-conch.org\/my-resources\/my-learning-modules\/initiations-explained\/\" target=\"_blank\" rel=\"noopener noreferrer\">Abrufbar auf der White Conch Website<\/a>.<\/span><\/span><\/p>\n<p style=\"padding-left: 30px;\">\n","protected":false},"excerpt":{"rendered":"<p>In Vajrayana sagen wir, wenn ein Lehrer behauptet, hellseherische Kr\u00e4fte zu haben oder Wunder zu vollbringen, oder zu sagen, dass er oder sie eine direkte Botschaft von Buddha hat, oder besondere Energien und Heilungsf\u00e4higkeiten oder ein hohes Ma\u00df an Verwirklichung annimmt, dann ist definitiv etwas falsch. Das ist kein authentischer Lehrer. -Yongey Mingyur Rinpoche Ein [&hellip;]<\/p>\n","protected":false},"author":2,"featured_media":0,"parent":0,"menu_order":5,"comment_status":"closed","ping_status":"closed","template":"","meta":{"spay_email":""},"translation":{"provider":"WPGlobus","version":"2.8.10","language":"de","enabled_languages":["en","de"],"languages":{"en":{"title":true,"content":true,"excerpt":false},"de":{"title":true,"content":true,"excerpt":false}}},"jetpack_sharing_enabled":true,"jetpack_shortlink":"https:\/\/wp.me\/P7xvQG-37","jetpack-related-posts":[{"id":4,"url":"https:\/\/domogeshetruth.com\/de\/","url_meta":{"origin":193,"position":0},"title":"Startseite","date":"May 14, 2016","format":false,"excerpt":"{:en} In 2001, a native Minnesotan in her mid-fifties began a curious claim. It\u00a0started quietly but gradually became louder and bolder. Tara Wangchuk, a Tibetan Buddhist nun for nearly 10 years, began telling attendees at her small talks that despite appearing to be an American woman, she\u00a0was in fact a\u2026","rel":"","context":"Similar post","img":{"alt_text":"","src":"","width":0,"height":0},"classes":[]},{"id":326,"url":"https:\/\/domogeshetruth.com\/de\/antwort-auf-kritik\/","url_meta":{"origin":193,"position":1},"title":"Antwort auf Kritik","date":"June 11, 2016","format":false,"excerpt":"{:en} I am Domo Geshe and wish to inform you that these are lies lies lies that are telling about me. the web site you leave messages with others is lies and lies and lies!!!! I am Domo Geshe. The lies are so outrageous. It keep getting more strange and\u2026","rel":"","context":"Similar post","img":{"alt_text":"","src":"","width":0,"height":0},"classes":[]},{"id":76,"url":"https:\/\/domogeshetruth.com\/de\/werdegang-domo-geshe-rinpoche\/","url_meta":{"origin":193,"position":2},"title":"Werdegang Domo Geshe","date":"May 15, 2016","format":false,"excerpt":"{:en}Below is an overview of Tara's story, as she often told it in her early years as a \"guru.\" The following details are no longer included on her website's biography page. Fortunately, the 2003 version\u00a0can still be viewed for confirmation that we didn't make this up. A number of areas\u2026","rel":"","context":"Similar post","img":{"alt_text":"","src":"","width":0,"height":0},"classes":[]},{"id":78,"url":"https:\/\/domogeshetruth.com\/de\/suche-der-anerkennung\/","url_meta":{"origin":193,"position":3},"title":"Suche der Anerkennung","date":"May 15, 2016","format":false,"excerpt":"{:en} Whatever Ms. Quinn-Dadak does or teaches under her own name is not our concern. However, she may not use the name \"Domo Geshe Rinpoche\" nor may she continue to pretend to be his true incarnation. -Dungkar Gonpa Society Tara tried countless times to get the seal of approval as\u2026","rel":"","context":"Similar post","img":{"alt_text":"","src":"\/wp-content\/uploads\/2016\/05\/Tara-in-front-of-Samten-Choling-1.png","width":350,"height":200},"classes":[]},{"id":2376,"url":"https:\/\/domogeshetruth.com\/de\/life-timeline\/","url_meta":{"origin":193,"position":4},"title":"Timeline","date":"April 29, 2020","format":false,"excerpt":"We've never known much about Tara's past, since she talks about it only rarely. On top of that, public information has been difficult to find because of all the names she's had - Marjorie Larson, Marjorie Quinn, Tara Quinn, Tara Dadak, Ngawang Chodon, Domo Geshe Rinpoche, Tara Wangchuk - and\u2026","rel":"","context":"Similar post","img":{"alt_text":"","src":"","width":0,"height":0},"classes":[]},{"id":18,"url":"https:\/\/domogeshetruth.com\/de\/brief-der-dungkar-gonpa-society\/","url_meta":{"origin":193,"position":5},"title":"Brief der Dungkar Gonpa Society","date":"May 14, 2016","format":false,"excerpt":"{:en}The Dungkar Gonpa Society (DGS) was founded by Kyabje Domo Geshe Rinpoche in 1976 in New York State, shortly after he arrived in the United States. It is the North American branch of his organizations in India and Tibet. The DGS was involved in the search for Rinpoche\u2019s reincarnation, and\u2026","rel":"","context":"Similar post","img":{"alt_text":"","src":"\/wp-content\/uploads\/2016\/05\/4862255.png","width":350,"height":200},"classes":[]}],"_links":{"self":[{"href":"https:\/\/domogeshetruth.com\/de\/wp-json\/wp\/v2\/pages\/193"}],"collection":[{"href":"https:\/\/domogeshetruth.com\/de\/wp-json\/wp\/v2\/pages"}],"about":[{"href":"https:\/\/domogeshetruth.com\/de\/wp-json\/wp\/v2\/types\/page"}],"author":[{"embeddable":true,"href":"https:\/\/domogeshetruth.com\/de\/wp-json\/wp\/v2\/users\/2"}],"replies":[{"embeddable":true,"href":"https:\/\/domogeshetruth.com\/de\/wp-json\/wp\/v2\/comments?post=193"}],"version-history":[{"count":141,"href":"https:\/\/domogeshetruth.com\/de\/wp-json\/wp\/v2\/pages\/193\/revisions"}],"predecessor-version":[{"id":2954,"href":"https:\/\/domogeshetruth.com\/de\/wp-json\/wp\/v2\/pages\/193\/revisions\/2954"}],"wp:attachment":[{"href":"https:\/\/domogeshetruth.com\/de\/wp-json\/wp\/v2\/media?parent=193"}],"curies":[{"name":"wp","href":"https:\/\/api.w.org\/{rel}","templated":true}]}}