{"id":273,"date":"2016-05-30T22:01:54","date_gmt":"2016-05-31T03:01:54","guid":{"rendered":"http:\/\/www.domogeshetruth.com\/?page_id=273"},"modified":"2021-09-12T19:27:41","modified_gmt":"2021-09-13T02:27:41","slug":"resources","status":"publish","type":"page","link":"https:\/\/domogeshetruth.com\/de\/quellen\/","title":{"rendered":"Quellen"},"content":{"rendered":"<h5><strong><em>Offizielle Antworten<\/em><\/strong><\/h5>\n<p><a href=\"\/de\/brief-der-dungkar-gonpa-society\/\" target=\"_blank\" rel=\"noopener noreferrer\"><strong>Brief der Dungkar Gonpa Society<\/strong><\/a><br \/>\nFormeller Brief in dem der DGS-Vorstand und Trijang Choktrul Rinpoche Taras Behauptung zur\u00fcckweisen, Domo Geshe Rinpoche zu sein.<\/p>\n<p><a href=\"mailto:ohhdl@dalailama.com\"><strong>B\u00fcro seiner Heiligkeit dem Dalai Lama<\/strong><\/a><br \/>\nDer Dalai Lama erkannte 2006 offiziell eine andere Person an, trotz der zahlreichen Briefe, die Tara und ihre Sch\u00fcler ihm vormals schickten. Sie k\u00f6nnen sein B\u00fcro unter <a href=\"mailto:ohhdl@dalailama.com\">ohhdl@dalailama.com<\/a> kontaktieren.<\/p>\n<p><strong><a href=\"mailto:rigdzincommunity.ch@gmail.com\">Rigdzin Community von Namkha Rinpoche<\/a><br \/>\n<\/strong>Tara und die White Conch behaupten, dass sie von Namkha Rinpoche anerkannt wurde. Er gibt an, sie nie anerkannt zu haben und sie auch jetzt nicht anerkennt. Um dies f\u00fcr Sie selbst zu best\u00e4tigen, kontaktieren Sie <a href=\"mailto:rigdzincommunity.ch@gmail.com\">rigdzincommunity.ch@gmail.com<\/a>.<\/p>\n<h5><em><strong>Anerkannte Domo Geshe Rinpoche Inkarnationen<\/strong><\/em><\/h5>\n<p><a href=\"http:\/\/www.domogesherinpoche.org\" target=\"_blank\" rel=\"noopener noreferrer\"><strong>Dungkar Gonpa Society<\/strong><\/a><br \/>\nBeinhaltet die offiziellen Biografien der vorherigen Domo Geshe Rinpoches<br \/>\nAktuelle Inkarnation Domo Choktrul Rinpoche Losang Jigme Ngakgi Wangchuk<br \/>\nAnerkannt von Trijang Choktrul Rinpoche<\/p>\n<p><strong><a href=\"http:\/\/dromogesherinpoche03.org\" target=\"_blank\" rel=\"noopener noreferrer\">Sera Jey Drati Domo Ladang<\/a><\/strong><br \/>\nAktuelle Inkarnation Dromo Geshe Rinpoche Tenzin Jigmey Lhundup<br \/>\nAnerkannt von seiner Heiligkeit dem Dalai Lama<\/p>\n<h5><em><strong>Taras Geschichte<\/strong><\/em><\/h5>\n<p><strong><a href=\"https:\/\/web.archive.org\/web\/20030421060527\/http:\/\/www.white-conch.org\/biography.html\" target=\"_blank\" rel=\"noopener noreferrer\">White Conch Biografie<\/a><\/strong><br \/>\nDie 2003 archivierte Version ist interessanter als ihre aktuelle Biografie-Seite, weil es tats\u00e4chlich die Details ihrer \u00dcbertragungs-Geschichte aufzeigt.<\/p>\n<h5><strong><em>Foren, die Taras Behauptung ergr\u00fcnden<\/em><\/strong><\/h5>\n<p><strong><a href=\"http:\/\/www.beliefnet.com\/boards\/message_list.asp?boardID=301&#038;discussionID=224554\" target=\"_blank\" rel=\"noopener noreferrer\">Lama or Llama?<\/a><\/strong> und <a href=\"http:\/\/www.beliefnet.com\/boards\/message_list.asp?pageID=1&#038;discussionID=464203&#038;messages_per_page=16\" target=\"_blank\" rel=\"noopener noreferrer\"><strong>Scamming Rinpoche?<\/strong><\/a><br \/>\nBeliefnet &#8211; mit Eintr\u00e4gen von 2003-2006<br \/>\nDies sind bemerkenswerterweise die einzigen Foren, in denen Tara antwortete und ihre wahre verr\u00fcckte F\u00e4rbung zeigte.<\/p>\n<p><strong><a href=\"http:\/\/www.dharmawheel.net\/viewtopic.php?t=3833\" target=\"_blank\" rel=\"noopener noreferrer\">Norbu House &#038; Domo Geshe Rinpoche<\/a><\/strong><br \/>\nDharmaWheel &#8211; mit Eintr\u00e4gen von 2011-2015<\/p>\n<h5><strong><em>Presseberichterstattung als Domo Geshe Rinpoche<\/em><\/strong><\/h5>\n<p><a href=\"https:\/\/web.archive.org\/web\/20160614164059\/http:\/\/www.jsonline.com\/news\/waukesha\/29221004.html\" target=\"_blank\" rel=\"noopener noreferrer\"><strong>What, Me Worry? Chants Are I Will<\/strong><br \/>\n<\/a>Milwaukee Journal Sentinal &#8211; \u00a0Oktober 2006<\/p>\n<p><strong><a href=\"http:\/\/isthmus.com\/news\/news\/domo-geshe-rinpoche-to-bless-period-garden-park-on-mansion-hill\/\" target=\"_blank\" rel=\"noopener noreferrer\">Domo Geshe Rinpoche to Bless Period Garden Park on Mansion Hill<\/a><\/strong><br \/>\nIsthmus &#8211; Juni 2009<\/p>\n<h5><strong><em>Presseberichterstattung als Ani Ngawang Chod\u00f6n<\/em><\/strong><\/h5>\n<p><a href=\"\/wp-content\/uploads\/2017\/05\/SPPP-article.pdf\" target=\"_blank\" rel=\"noopener noreferrer\"><strong>Spiritual Journey Takes Buddhist Nun Around the World<\/strong><\/a><br \/>\nSaint Paul Pioneer Press &#8211; \u00a0November 1996<\/p>\n<p><a href=\"\/wp-content\/uploads\/2017\/05\/AAO-article.pdf\" target=\"_blank\" rel=\"noopener noreferrer\"><strong>Unsquishing Jewel Heart<\/strong><\/a><br \/>\nAnn Arbor Observer &#8211; December 1999<\/p>\n<h5><em><strong>Mit Tara assoziierte Organisationen<\/strong><\/em><\/h5>\n<p>Dungkar Dharma Zentrum<\/p>\n<p>White Conch Dharma Center<\/p>\n<p>Lotus Lake Buddhist Center, das Norbu House beinhaltend<\/p>\n<p>Joyful Path Healing Center<\/p>\n<p>Grand Transitions Institute and Hospice<\/p>\n","protected":false},"excerpt":{"rendered":"<p>Offizielle Antworten Brief der Dungkar Gonpa Society Formeller Brief in dem der DGS-Vorstand und Trijang Choktrul Rinpoche Taras Behauptung zur\u00fcckweisen, Domo Geshe Rinpoche zu sein. B\u00fcro seiner Heiligkeit dem Dalai Lama Der Dalai Lama erkannte 2006 offiziell eine andere Person an, trotz der zahlreichen Briefe, die Tara und ihre Sch\u00fcler ihm vormals schickten. Sie k\u00f6nnen [&hellip;]<\/p>\n","protected":false},"author":2,"featured_media":0,"parent":0,"menu_order":7,"comment_status":"closed","ping_status":"closed","template":"","meta":{"spay_email":""},"translation":{"provider":"WPGlobus","version":"2.8.10","language":"de","enabled_languages":["en","de"],"languages":{"en":{"title":true,"content":true,"excerpt":false},"de":{"title":true,"content":true,"excerpt":false}}},"jetpack_sharing_enabled":true,"jetpack_shortlink":"https:\/\/wp.me\/P7xvQG-4p","jetpack-related-posts":[{"id":78,"url":"https:\/\/domogeshetruth.com\/de\/suche-der-anerkennung\/","url_meta":{"origin":273,"position":0},"title":"Suche der Anerkennung","date":"May 15, 2016","format":false,"excerpt":"{:en} Whatever Ms. Quinn-Dadak does or teaches under her own name is not our concern. However, she may not use the name \"Domo Geshe Rinpoche\" nor may she continue to pretend to be his true incarnation. -Dungkar Gonpa Society Tara tried countless times to get the seal of approval as\u2026","rel":"","context":"Similar post","img":{"alt_text":"","src":"\/wp-content\/uploads\/2016\/05\/Tara-in-front-of-Samten-Choling-1.png","width":350,"height":200},"classes":[]},{"id":326,"url":"https:\/\/domogeshetruth.com\/de\/antwort-auf-kritik\/","url_meta":{"origin":273,"position":1},"title":"Antwort auf Kritik","date":"June 11, 2016","format":false,"excerpt":"{:en} I am Domo Geshe and wish to inform you that these are lies lies lies that are telling about me. the web site you leave messages with others is lies and lies and lies!!!! I am Domo Geshe. The lies are so outrageous. It keep getting more strange and\u2026","rel":"","context":"Similar post","img":{"alt_text":"","src":"","width":0,"height":0},"classes":[]},{"id":18,"url":"https:\/\/domogeshetruth.com\/de\/brief-der-dungkar-gonpa-society\/","url_meta":{"origin":273,"position":2},"title":"Brief der Dungkar Gonpa Society","date":"May 14, 2016","format":false,"excerpt":"{:en}The Dungkar Gonpa Society (DGS) was founded by Kyabje Domo Geshe Rinpoche in 1976 in New York State, shortly after he arrived in the United States. It is the North American branch of his organizations in India and Tibet. The DGS was involved in the search for Rinpoche\u2019s reincarnation, and\u2026","rel":"","context":"Similar post","img":{"alt_text":"","src":"\/wp-content\/uploads\/2016\/05\/4862255.png","width":350,"height":200},"classes":[]},{"id":76,"url":"https:\/\/domogeshetruth.com\/de\/werdegang-domo-geshe-rinpoche\/","url_meta":{"origin":273,"position":3},"title":"Werdegang Domo Geshe","date":"May 15, 2016","format":false,"excerpt":"{:en}Below is an overview of Tara's story, as she often told it in her early years as a \"guru.\" The following details are no longer included on her website's biography page. Fortunately, the 2003 version\u00a0can still be viewed for confirmation that we didn't make this up. A number of areas\u2026","rel":"","context":"Similar post","img":{"alt_text":"","src":"","width":0,"height":0},"classes":[]},{"id":4,"url":"https:\/\/domogeshetruth.com\/de\/","url_meta":{"origin":273,"position":4},"title":"Startseite","date":"May 14, 2016","format":false,"excerpt":"{:en} In 2001, a native Minnesotan in her mid-fifties began a curious claim. It\u00a0started quietly but gradually became louder and bolder. Tara Wangchuk, a Tibetan Buddhist nun for nearly 10 years, began telling attendees at her small talks that despite appearing to be an American woman, she\u00a0was in fact a\u2026","rel":"","context":"Similar post","img":{"alt_text":"","src":"","width":0,"height":0},"classes":[]},{"id":2376,"url":"https:\/\/domogeshetruth.com\/de\/life-timeline\/","url_meta":{"origin":273,"position":5},"title":"Timeline","date":"April 29, 2020","format":false,"excerpt":"We've never known much about Tara's past, since she talks about it only rarely. On top of that, public information has been difficult to find because of all the names she's had - Marjorie Larson, Marjorie Quinn, Tara Quinn, Tara Dadak, Ngawang Chodon, Domo Geshe Rinpoche, Tara Wangchuk - and\u2026","rel":"","context":"Similar post","img":{"alt_text":"","src":"","width":0,"height":0},"classes":[]}],"_links":{"self":[{"href":"https:\/\/domogeshetruth.com\/de\/wp-json\/wp\/v2\/pages\/273"}],"collection":[{"href":"https:\/\/domogeshetruth.com\/de\/wp-json\/wp\/v2\/pages"}],"about":[{"href":"https:\/\/domogeshetruth.com\/de\/wp-json\/wp\/v2\/types\/page"}],"author":[{"embeddable":true,"href":"https:\/\/domogeshetruth.com\/de\/wp-json\/wp\/v2\/users\/2"}],"replies":[{"embeddable":true,"href":"https:\/\/domogeshetruth.com\/de\/wp-json\/wp\/v2\/comments?post=273"}],"version-history":[{"count":62,"href":"https:\/\/domogeshetruth.com\/de\/wp-json\/wp\/v2\/pages\/273\/revisions"}],"predecessor-version":[{"id":3707,"href":"https:\/\/domogeshetruth.com\/de\/wp-json\/wp\/v2\/pages\/273\/revisions\/3707"}],"wp:attachment":[{"href":"https:\/\/domogeshetruth.com\/de\/wp-json\/wp\/v2\/media?parent=273"}],"curies":[{"name":"wp","href":"https:\/\/api.w.org\/{rel}","templated":true}]}}