{"id":326,"date":"2016-06-11T15:59:53","date_gmt":"2016-06-11T20:59:53","guid":{"rendered":"http:\/\/www.domogeshetruth.com\/?page_id=326"},"modified":"2022-01-05T10:27:24","modified_gmt":"2022-01-05T18:27:24","slug":"response-to-criticism","status":"publish","type":"page","link":"https:\/\/domogeshetruth.com\/de\/antwort-auf-kritik\/","title":{"rendered":"Antwort auf Kritik"},"content":{"rendered":"<blockquote><p>Ich bin Domo Geshe und m\u00f6chte Sie dar\u00fcber informieren, dass dies alles L\u00fcgen, L\u00fcgen, L\u00fcgen sind, die \u00fcber mich erz\u00e4hlt werden.<\/p><\/blockquote>\n<blockquote><p>Die Website, auf der Sie mit anderen Nachrichten hinterlassen, besteht aus L\u00fcgen, L\u00fcgen, L\u00fcgen.<\/p><\/blockquote>\n<blockquote><p>Ich bin Domo Geshe. Die L\u00fcgen sind so emp\u00f6rend. Es wird immer seltsamer und die Leute zitieren L\u00fcgen \u00fcber mich als wahr. Ein bisschen lesen??? Oh je, oh je, oh je \u2013 so klug nach einem bisschen lesen.<\/p><\/blockquote>\n<blockquote><p>Ich bin Domo Geshe. Gibt es so einen Mangel an Wichtigkeit, dass Sie mich nicht direkt fragen, sondern sich im Internet platzieren? Ist es f\u00fcr Ihren eigenen Ruhm? Die L\u00fcgen, die erz\u00e4hlt werden, werden immer und immer wieder zitiert und es ist nicht wahr, also bitte ich darum, damit aufzuh\u00f6ren.<\/p><\/blockquote>\n<blockquote><p>Der Westen ist seeeehr jung wenn es darum geht, zu verstehen, wie die innere Dynamik im Tantrischen Buddhismus ausgedr\u00fcckt wird, aber meine G\u00fcte welch b\u00f6sartige und l\u00fcgende Dinge \u00fcber mich gesagt werden. Oh je, oh je, oh je!<\/p><\/blockquote>\n<p>Die obenstehenden Kommentare stammen aus der einzigen pers\u00f6nlichen Erscheinung, die Tara 2006 in Nachrichtenforen hatte, die Ihre Legitimit\u00e4t angezweifelt haben. Sie k\u00f6nnen die ganze Diskussion und ihre Beitr\u00e4ge im Kontext unter <a href=\"http:\/\/www.beliefnet.com\/boards\/message_list.asp?pageID=1&#038;discussionID=464203&#038;messages_per_page=16\" target=\"_blank\" rel=\"noopener noreferrer\">Scamming Rinpoche?<\/a> und <a href=\"http:\/\/www.beliefnet.com\/boards\/message_list.asp?boardID=301&#038;discussionID=224554\" target=\"_blank\" rel=\"noopener noreferrer\">Lama or Llama?<\/a> lesen.<\/p>\n<h5>Das System beschuldigen<\/h5>\n<p>Tara hat \u00fcblicherweise die Tendenzen im Tibetischen Buddhismus f\u00fcr ihre fehlende Anerkennung verantwortlich gemacht. Sie argumentiert damit, dass das Establishment mit ihrer vorausdenkenden, modernen Richtung des Buddhismus nicht umgehen konnte. Insbesondere als Frau, als Westliche und als Erwachsen-Reinkarnierte w\u00e4re ihre erhoffte Anerkennung auf eine Mauer der tibetischen Misogynie, Xenophobie und Konservativit\u00e4t gesto\u00dfen.<\/p>\n<p>In anderen Worten lag das Problem in der Unf\u00e4higkeit des Tibetischen Establishment, wertzusch\u00e4tzen und anzuerkennen, dass sie ein erleuchteter Guru in moderner Form war.<\/p>\n<p><em>In Wirklichkeit ist das Problem ihre Behauptung, ein erleuchteter Guru zu sein<\/em> \u2013 einer der am meisten erleuchteten, nicht weniger. Die <a href=\"\/de\/grandiose-behauptungen\/\" target=\"_blank\" rel=\"noopener noreferrer\">Grandiose Behauptungen<\/a>-Seite beinhaltet ein kleines Beispiel ihrer unglaublichen Prahlerei.<\/p>\n<p>Sie sagt auch, dass das tibetische System der <em>tulku-Anerkennung<\/em> durch politische Motive besch\u00e4digt wird.<span title='Eins von vielen Malen, dass sie die obenstehenden Punkte genannt hat, kann im White Conch- Interview mit ihr, oder in Interviews mit dem Isthmus und dem Milwaukee Journal Sentinel gefunden werden.' class='inline-footnote' style=''>1<span class='footnoteContent' style='display:none;'>Eins von vielen Malen, dass sie die obenstehenden Punkte genannt hat, kann im <a href=\"https:\/\/web.archive.org\/web\/20030421060838\/http:\/\/www.white-conch.org\/interview.html\" target=\"_blank\" rel=\"noopener noreferrer\">White Conch- Interview<\/a> mit ihr, oder in Interviews mit dem <a href=\"http:\/\/isthmus.com\/news\/news\/domo-geshe-rinpoche-to-bless-period-garden-park-on-mansion-hill\/\" target=\"_blank\" rel=\"noopener noreferrer\">Isthmus<\/a> und dem <a href=\"https:\/\/web.archive.org\/web\/20160614164059\/http:\/\/www.jsonline.com\/news\/waukesha\/29221004.html\" target=\"_blank\" rel=\"noopener noreferrer\">Milwaukee Journal Sentinel<\/a> gefunden werden.<\/span><\/span> Wir k\u00f6nnen das nicht bestreiten. Wie die meisten religi\u00f6sen Institutionen, muss es moderne weltliche Werte wie die Gleichstellung der Geschlechter annehmen und leidet unter einer weit verbreiteten politischen Korruption. Allerdings weisen relevante Personen in der tibetischen buddhistischen Gemeinschaft auf etwas hin, das nicht von den oben genannten Punkten angesprochen wird:<span title='Private Unterhaltung mit einem \u00e4lteren M\u00f6nch, der an Domo Choktrul Rinpoches Training beteiligt war.' class='inline-footnote' style=''>2<span class='footnoteContent' style='display:none;'>Private Unterhaltung mit einem \u00e4lteren M\u00f6nch, der an Domo Choktrul Rinpoches Training beteiligt war.<\/span><\/span><\/p>\n<p><em>Sie verk\u00fcndete selbst, ein erleuchteter Lama zu sein und bat dann um Anerkennung.<\/em><\/p>\n<p>Es ist schwierig zu \u00fcbertreiben, wie dubios sie das in den Augen Tibetischer Buddhisten wirken l\u00e4sst. Die Dungkar Gonpa Society dr\u00fcckt diesen Punkt so aus:<\/p>\n<blockquote><p>Die Gelug-Tradition, zu der Ms. Quinn-Dadak behauptet als Domo Geshe Rinpoche zu geh\u00f6ren, erlaubt und erkennt keine selbsternannte Reinkarnation, wie die ihre an. Nach der Gelug-Schule des Tibetischen Buddhismus m\u00fcssen alle Reinkarnationen offiziell von anderen inkarnierten Lamas anerkannt werden. Dies war hier nicht der Fall. Demzufolge darf weder ihre angenommene Identit\u00e4t, noch ihre Handlungen als Domo Geshe Rinpoche in diesem Land oder \u00dcbersee, inklusive der Ordination von M\u00f6nchen und Nonnen, als legitim betrachtet werden.<span title='Hier k\u00f6nnen Sie den ganzen Brief einsehen.' class='inline-footnote' style=''>3<span class='footnoteContent' style='display:none;'><a href=\"\/de\/brief-der-dungkar-gonpa-society\/\" target=\"_blank\" rel=\"noopener noreferrer\">Hier k\u00f6nnen Sie den ganzen Brief einsehen<\/a>.<\/span><\/span><\/p><\/blockquote>\n<p>Auch wenn wir nicht mehr von der Idee der Reinkarnation \u00fcberzeugt sind, klingt das nach einer vern\u00fcnftigen Politik. Die selbsternannte <em>Rinpoche<\/em> auszuschlie\u00dfen, konnte nur dazu beitragen, narzisstische Scharlatane und charismatische Manipulatoren auszurotten.<\/p>\n<h5><em>\u00d6ffentlicher Brief der White Conch<\/em><\/h5>\n<p>Die White Conch publizierte 2008 einen \u201e\u00d6ffentlichen Brief an neue oder potentielle Sch\u00fcler\u201c als eine offizielle Antwort auf Taras Kritik.<span title='Open Letter to New or Potential Students of White Conch, archiviert am 23. M\u00e4rz 2010' class='inline-footnote' style=''>4<span class='footnoteContent' style='display:none;'><a href=\"https:\/\/web.archive.org\/web\/20100323063616\/http:\/\/white-conch.org\/Flyers\/Open_Letter_To_New_Students.html\" target=\"_blank\" rel=\"noopener noreferrer\">Open Letter to New or Potential Students of White Conch<\/a>, archiviert am 23. M\u00e4rz 2010<\/span><\/span> Ein Punkt dieses Dokuments bezieht sich auf h\u00e4ufige ad hominem-Argumente, um Kritik abzuwenden \u2013 was den kultischen Glauben widerspiegelt, dass ihre Kritiker Hintergedanken haben m\u00fcssen. Tara hat diese Kultur in der White Conch gepflegt. An einem Punkt antwortete sie Kritikern mit der Frage \u201eIst es f\u00fcr Ihren eigenen Ruhm?\u201c<span title='Aus ihren Kommentaren in Foren; zu Beginn dieser Seite genannt.' class='inline-footnote' style=''>5<span class='footnoteContent' style='display:none;'>Aus ihren Kommentaren in Foren; zu Beginn dieser Seite genannt.<\/span><\/span> Sp\u00e4ter, als sie glaubte, dass ein tibetischer H\u00f6herer ihre Authentizit\u00e4t in Betracht ziehen w\u00fcrde, verlangte sie, dass ihm ein Dokument vorgezeigt werden sollte, das einen ihrer Kritiker verleumdet.<span title='Private Unterhaltung mit ihrem Begleiter, 16. Februar 2010' class='inline-footnote' style=''>6<span class='footnoteContent' style='display:none;'>Private Unterhaltung mit ihrem Begleiter, 16. Februar 2010<\/span><\/span><\/p>\n<p>Die White Conch ver\u00f6ffentlichte 2013 eine <a href=\"http:\/\/www.white-conch.org\/wp-content\/uploads\/2014\/02\/An-Open-Letter-to-New-of-Potential-White-Conch-Students-2013.pdf\" target=\"_blank\" rel=\"noopener noreferrer\">aktualisierte Version<\/a> des Briefes. Die Wortwahl war stark abgeschw\u00e4cht. Die Argumente, die sie angebracht haben, sind jedoch \u00e4hnlich unbefriedigend. Im Folgenden werden wir auf einige relevante Abschnitte eingehen und darauf reagieren.<\/p>\n<blockquote><p>Wir sind uns der Nachrichten im Internet bewusst \u2026 die versuchen, Rinpoches Authentizit\u00e4t zu diskreditieren und das Publikum zu \u00fcberzeugen, dass sie und White Conch betr\u00fcgerisch nach Ruhm, Macht und Reichtum suchen.<\/p><\/blockquote>\n<p>Jemandes Authentizit\u00e4t kann nur diskreditiert werden, wenn sie geschaffen wurde. Innerhalb Taras Gruppe wird Taras Authentizit\u00e4t nicht infrage gestellt, aber au\u00dferhalb ihrer Gruppe wird sie weitestgehend abgelehnt. Nach 17 Jahren und zahlreichen Versuchen anerkannt zu werden, hat sie keine \u00f6ffentliche Anerkennung von jemandem erlangt, der in der Position ist, diese zu gew\u00e4hren.<\/p>\n<p>Daher, eher als ihre Authentizit\u00e4t diskreditieren zu wollen, ist es treffender zu sagen, dass die kritischen Stimmen reflektieren, wie die Welt sie im Ganzen sieht \u2013 und wie die Buddhistischen Lehren generell dazu ermutigen, einen Lehrer mit ihrem Verhalten zu betrachten. Eine der gr\u00f6\u00dften \u00dcberraschungen war nach dem Verlassen ihrer Gruppe f\u00fcr uns, wie viele Freunde sagten \u201eSch\u00f6n f\u00fcr dich! Sie wirkte auf mich nie aufrichtig\/gesund.\u201c Der einzige Grund, dass sie nie vorher mit uns sprachen, war ihr Respekt f\u00fcr unseren spirituellen Pfad.<\/p>\n<blockquote><p>Rinpoche verwendet gro\u00dfz\u00fcgig Spenden, um Projekte wie neue R\u00fcckzugsr\u00e4ume zu finanzieren und das Dharma zu verbreiten.<\/p><\/blockquote>\n<p>Wir k\u00f6nnen nichts \u00fcber ihre pers\u00f6nlichen Finanzen sagen. Allerdings impliziert der obige Satz, dass Menschen an sie spenden und sie entscheidet, das Geld selbstlos auszugeben; ob es Expansionen der Einkehrzentren sind oder \u201edas Dharma zu verbreiten\u201c (eine besonders vage Phrase). Es ist wahr, dass es Expansionen an ihren Einkehrzentren dort wo sie lebte, konstant gab, seitdem sie das Eigentum erwarb. Es ist auch wahr, dass jede gr\u00f6\u00dfere Expansion eine damit verbundene Fundraising-Kampagne hatte.<span title='Die letzte Fundraising-Kampagne, f\u00fcr Doonkar House, ist hier einsehbar, Zugriff am 9. Juni 2016. Eine fr\u00fchere Version der Seite, bei Google gefunden am 26. Mai 2016, zeigt an, dass sie \u00fcber 125.000$ f\u00fcr das Projekt zusammenbekommen hatten. Einige andere Beispiele beinhalten die Help Build Norbu House IndieGoGo Kampagne, die 27.000$ aufbrachte und eine Kampagne, ihr Auto auf ihrem Grundst\u00fcck zu ersetzen, die 18.000$ aufbrachte.' class='inline-footnote' style=''>7<span class='footnoteContent' style='display:none;'>Die letzte Fundraising-Kampagne, f\u00fcr Doonkar House, ist <a href=\"http:\/\/www.white-conch.org\/current-projects\/doonkar-retreat-house\/\" target=\"_blank\" rel=\"noopener noreferrer\">hier einsehbar<\/a>, Zugriff am 9. Juni 2016. Eine <a href=\"\/wp-content\/uploads\/2016\/06\/2016-05-Norbu-House-Retreat-Wing-127000.pdf\" target=\"_blank\" rel=\"noopener noreferrer\">fr\u00fchere Version der Seite<\/a>, bei Google gefunden am 26. Mai 2016, zeigt an, dass sie \u00fcber 125.000$ f\u00fcr das Projekt zusammenbekommen hatten. Einige andere Beispiele beinhalten die <a href=\"https:\/\/www.indiegogo.com\/projects\/help-build-norbu-retreat-house-and-hospice#\/\" target=\"_blank\" rel=\"noopener noreferrer\">Help Build Norbu House<\/a> IndieGoGo Kampagne, die 27.000$ aufbrachte und eine <a href=\"\/wp-content\/uploads\/2016\/06\/2012-09-Car-confirmed-17000-raised.pdf\" target=\"_blank\" rel=\"noopener noreferrer\">Kampagne<\/a>, ihr Auto auf ihrem Grundst\u00fcck zu ersetzen, die 18.000$ aufbrachte.<\/span><\/span><\/p>\n<p>Eine Beschwerde der White Conch war \u201eSpenden-M\u00fcdigkeit\u201c \u2013 gefragt zu werden, Geld f\u00fcr das letzte Projekt am Lotus-See zu spenden, bevor dein Konto sich vom letzten Mal erholen konnte.<\/p>\n<blockquote><p>Rinpoche wird oft im Gebet beobachtet<\/p><\/blockquote>\n<p>Dies war unserer Erfahrung nach einfach nicht wahr. Selbst als Sch\u00fcler zogen wir hier\u00fcber die Augenbrauen hoch. Die einzige M\u00f6glichkeit, so etwas behaupten zu k\u00f6nnen, liegt darin, eine sehr liberale Definition von Gebet zu haben. In den Jahren in denen wir mit ihr lebten, konnten wir die Male, an denen wir bezeugen konnten, dass sie privat betete oder meditierte, an zwei H\u00e4nden abz\u00e4hlen.<\/p>\n<p>Zu dieser Zeit akzeptierten wir ihre esoterische Erkl\u00e4rung, dass sie als erleuchteter Guru st\u00e4ndig \u201einnere Arbeit\u201c zum Wohl anderer leistete. Die Folge war, dass sie nicht mehr f\u00fcr ihr eigenes Wohlergehen meditieren musste. Sie war schlie\u00dflich erleuchtet \u2013 Ihr Verstand war schon ged\u00e4mpft! Sie war so geschickt in dieser inneren Arbeit, dass sie sich dazu nicht mal setzen oder ihre Augen schlie\u00dfen musste. Selbst wenn es nach au\u00dfen schien, als ob sie kochte, oder auf dem Flohmarkt verkaufte, Netflix schaute oder auf Facebook postete \u2013 Dinge, die wir sie st\u00e4ndig tun sahen \u2013 in Wirklichkeit war sie mit einer unsichtbaren, Buddha-Level-Aktivit\u00e4t besch\u00e4ftigt, um anderen zu helfen, Erleuchtung zu erreichen.<\/p>\n<p>In unseren Tagen als fromme J\u00fcnger fiel eine Sache auf. Sie trug nie ein <em>mala<\/em> \u2013 eine Reihe von Gebetskugeln, die in der buddhistischen Meditation verwendet werden. Unsere malas waren so wertvoll f\u00fcr uns, dass wir wie viele ihrer Sch\u00fcler, permanent eine an unserem Handgelenk trugen. Authentische Tibetische Lamas scheinen ihre <em>malas<\/em> auch an sich zu tragen, als eine wichtige Erinnerung an ihre spirituelle Praxis. Jedoch nicht Tara. Vor der vermeintlichen \u00dcbertragung trug sie oft eins, jedoch hinterher nicht mehr. Dies schien ein weiteres Zeichen von ihr zu sein, dass sie \u00fcber der Praxis der Meditation stand.<span title='Sie k\u00f6nnen dies best\u00e4tigen, in dem sie die Fotos auf ihrer Facebook-Seite durchsehen und versuchen, ein Foto zu finden, auf dem sie ein mala tr\u00e4gt. Sie m\u00fcssen eingeloggt sein, um ihre Seite besuchen zu k\u00f6nnen.' class='inline-footnote' style=''>8<span class='footnoteContent' style='display:none;'>Sie k\u00f6nnen dies best\u00e4tigen, in dem sie die <a href=\"https:\/\/www.facebook.com\/domogesherinpoche\/photos\" target=\"_blank\" rel=\"noopener noreferrer\">Fotos auf ihrer Facebook-Seite<\/a> durchsehen und versuchen, ein Foto zu finden, auf dem sie ein mala tr\u00e4gt. Sie m\u00fcssen eingeloggt sein, um ihre Seite besuchen zu k\u00f6nnen.<\/span><\/span><\/p>\n<p>Vor einigen Jahren reiste ein Mann mit Erfahrungen von Tibetischen Buddhistischen Lamas zu ihrem Zentrum f\u00fcr eine ausgedehnte Einkehr; inspiriert von ihrer Website und ihren Posts auf Facebook. Er entschied sich schnell, seinen Besuch kurz zu halten, da er seinen Glauben in sie als spirituellen Lehrer verloren hatte. Einer der Gr\u00fcnde? \u201eSie praktiziert keine Meditation.\u201c<span title='Private Unterhaltung, Juli 2015' class='inline-footnote' style=''>9<span class='footnoteContent' style='display:none;'>Private Unterhaltung, Juli 2015<\/span><\/span><\/p>\n<blockquote><p>Obwohl Rinpoche noch nicht offiziell von der tibetischen Regierung im Exil anerkannt wurde, wurde sie als die authentische Inkarnation des bisherigen Domo Geshe Rinpoche von spirituellen Meistern aus einer Vielzahl von spirituellen Traditionen akzeptiert und begr\u00fc\u00dft. Viele dieser Meister haben sie gebeten, in ihren Zentren zu unterrichten und\/oder sich selbst bei White Conch unterrichten zu lassen.<\/p><\/blockquote>\n<p>Dieser Abschnitt reflektiert einige Widerspr\u00fcche und Verwirrungen. Erst sind sie hier ehrlich \u00fcber Taras fehlende Anerkennung, wohingegen sie an anderen Stellen auf ihrer Website behaupten, sie w\u00e4re von einem anderen Tibetischen Lama anerkannt worden. Zweitens sagen sie, dass die tibetische Regierung im Exil Anerkennung verleihen w\u00fcrde. Das ist nicht der Fall \u2013 einzelne qualifizierte Lamas w\u00fcrden dies tun.<\/p>\n<p>Es ist wahr, dass sie Freundschaften zu spirituellen Lehrern anderer Traditionen hat. Aber es scheint unaufrichtig, zu behaupten, dass diese Menschen sie als \u201edie authentische Inkarnation des vorherigen Domo Geshe Rinpoche begr\u00fc\u00dfen\u201c. Weder kannte einer dieser Lehrer den vorherigen Domo Geshe Rinpoche, noch sind sie ein Teil der Tibetischen Buddhistischen Gemeinde. Ist es wahr, dass sie einverstanden sind mit ihrer spezifischen Behauptung, Domo Geshe Rinpoche zu sein? Oder haben sie nur nicht \u00f6ffentlich dieser Behauptung widersprochen? Da der Brief keine Namen dieser \u00fcberreligi\u00f6sen Lehrer nennt, ist es unm\u00f6glich, dies zu verifizieren.<\/p>\n<blockquote><p>Ein wundervolles lebenslanges Gedicht wurde f\u00fcr Rinpoche von einem prominenten buddhistisch reinkarnierten Lama verfasst und auf unserer Website gepostet. Namkha Rinpoche hat einige Zeit mit Domo Geshe verbracht und best\u00e4tigte einer gro\u00dfen Gruppe ihrer Sch\u00fcler, dass sie ist, wer sie sagt zu sein. Er bot des Weiteren der formell zusammengesetzten Gruppe umfangreiche Ratschl\u00e4ge an, wie man sich um den tulku des Domo Geshe k\u00fcmmert. Sie erhielt von ihm \u00dcbertragung und Anleitung, um von ihm zu lehren und lehrte ausf\u00fchrlich die Worte meines perfekten Lehrers Patrul Rinpoche.<\/p><\/blockquote>\n<p>Hier kommen wir zum zentralen Argument. Seitdem Namkha Rinpoche mit Tara assoziiert wurde, benutzten ihn White Conch-Mitglieder als Hauptunterst\u00fctzer Taras Behauptung, Domo Geshe Rinpoche zu sein. Wir haben Taras Zeit mit Namkha Rinpoche auf der <a href=\"\/de\/suche-der-anerkennung\/\" target=\"_blank\" rel=\"noopener noreferrer\">Suche der Anerkennung-Seite<\/a> behandelt. Obwohl sie einige Zeit verbunden waren, hat er seitdem den Kontakt zu ihr abgebrochen und machte es uns sehr deutlich, dass er sie weder in der Vergangenheit noch jetzt anerkannt hat.<\/p>\n<blockquote><p>Es ist best\u00e4tigt, wenn auch im Westen kaum betont, dass bis zu f\u00fcnf Inkarnationen eines vorherigen Lama anerkannt werden k\u00f6nnen. Die Natur der erleuchteten Wesen ist unbelastet und sie sind in der Lage, als Mehrfachwesen zu inkarnieren. Dieser Aspekt der Reinkarnation wird im Westen nur wenig verstanden, teilweise durch unsere starke kulturelle Affinit\u00e4t f\u00fcr Individualit\u00e4t. Wenn also ein Westlicher erf\u00e4hrt, dass ein bestimmtes Individuum als Reinkarnation eines bestimmten Lama anerkannt worden ist, ist der vorherrschende Glaube, dass dies die einzige Reinkarnation ist; das ist aber nicht unbedingt der Fall. Aktuell gibt es auch zwei andere, einen tibetischen und einen sikkimischen Jungen, die offiziell als Domo Geshe Rinpoche von zwei unabh\u00e4ngigen, gut bekannten buddhistischen Gruppen anerkannt wurden.<\/p><\/blockquote>\n<p>Erstens ist der Ton dieses Abschnittes symbolisch f\u00fcr einen Kult. Zu sagen, dass Reinkarnation \u201eim Westen nur wenig verstanden\u201c wird, impliziert, dass man sich selbst und seinen Zweifeln nicht vertrauen sollte. Es ist zu esoterisch und kompliziert, als dass Sie es verstehen w\u00fcrden. Vertrauen sie einfach Tara.<\/p>\n<p>Zweitens beinhaltet diese Sektion eine interessante Best\u00e4tigung \u2013 dass zwei Individuen anerkannt wurden. Wie bringen sie die Fakten in Einklang, dass andere anerkannt wurden, ihr Lehrer aber nicht? Indem sie behaupten, dass sie alle gleicherma\u00dfen g\u00fcltig sind; dass sich Kyabje Domo Geshe Rinpoche <em>tats\u00e4chlich in alle drei inkarnierte.<\/em><\/p>\n<p>Leider widerspricht sich dies mit dem, was Tara 2009 in ihrem Interview mit dem Isthmus sagte:<span title='Domo Geshe Rinpoche to Bless Period Garden Park, Zugriff am 26. Mai 2016.' class='inline-footnote' style=''>10<span class='footnoteContent' style='display:none;'><a href=\"http:\/\/isthmus.com\/news\/news\/domo-geshe-rinpoche-to-bless-period-garden-park-on-mansion-hill\/\" target=\"_blank\" rel=\"noopener noreferrer\">Domo Geshe Rinpoche to Bless Period Garden Park<\/a>, Zugriff am 26. Mai 2016.<\/span><\/span><\/p>\n<blockquote><p>\u201eIch werde nicht involviert, aber ich bin der eigentliche Domo Geshe,\u201c sagt Rinpoche, \u201eder einzige wirkliche.\u201c<\/p><\/blockquote>\n<p>Sie beenden ihren Brief mit den Worten:<\/p>\n<blockquote><p>Nichts spricht deutlicher als die Wahrheit.<\/p><\/blockquote>\n<p>Wir k\u00f6nnten nicht mehr zustimmen.<\/p>\n<h4 style=\"text-align: center;\"><a href=\"\/de\/grandiose-behauptungen\/\">Lesen Sie jetzt das letzte Kapitel in der Geschichte \u2013 Grandiose Behauptungen<\/a><\/h4>\n","protected":false},"excerpt":{"rendered":"<p>Ich bin Domo Geshe und m\u00f6chte Sie dar\u00fcber informieren, dass dies alles L\u00fcgen, L\u00fcgen, L\u00fcgen sind, die \u00fcber mich erz\u00e4hlt werden. Die Website, auf der Sie mit anderen Nachrichten hinterlassen, besteht aus L\u00fcgen, L\u00fcgen, L\u00fcgen. Ich bin Domo Geshe. Die L\u00fcgen sind so emp\u00f6rend. Es wird immer seltsamer und die Leute zitieren L\u00fcgen \u00fcber mich [&hellip;]<\/p>\n","protected":false},"author":2,"featured_media":0,"parent":0,"menu_order":4,"comment_status":"closed","ping_status":"closed","template":"","meta":{"spay_email":""},"translation":{"provider":"WPGlobus","version":"2.8.10","language":"de","enabled_languages":["en","de"],"languages":{"en":{"title":true,"content":true,"excerpt":false},"de":{"title":true,"content":true,"excerpt":false}}},"jetpack_sharing_enabled":true,"jetpack_shortlink":"https:\/\/wp.me\/P7xvQG-5g","jetpack-related-posts":[{"id":18,"url":"https:\/\/domogeshetruth.com\/de\/brief-der-dungkar-gonpa-society\/","url_meta":{"origin":326,"position":0},"title":"Brief der Dungkar Gonpa Society","date":"May 14, 2016","format":false,"excerpt":"{:en}The Dungkar Gonpa Society (DGS) was founded by Kyabje Domo Geshe Rinpoche in 1976 in New York State, shortly after he arrived in the United States. It is the North American branch of his organizations in India and Tibet. The DGS was involved in the search for Rinpoche\u2019s reincarnation, and\u2026","rel":"","context":"Similar post","img":{"alt_text":"","src":"\/wp-content\/uploads\/2016\/05\/4862255.png","width":350,"height":200},"classes":[]},{"id":273,"url":"https:\/\/domogeshetruth.com\/de\/quellen\/","url_meta":{"origin":326,"position":1},"title":"Quellen","date":"May 30, 2016","format":false,"excerpt":"{:en} Official Responses Rejection Letter from the Dungkar Gonpa Society Formal letter\u00a0from the DGS Board and Trijang Choktrul Rinpoche rejecting Tara's claim to be Domo Geshe Rinpoche. Office of His Holiness the Dalai Lama The Dalai Lama officially recognized a different individual in 2006, despite the numerous letters Tara and\u2026","rel":"","context":"Similar post","img":{"alt_text":"","src":"","width":0,"height":0},"classes":[]},{"id":78,"url":"https:\/\/domogeshetruth.com\/de\/suche-der-anerkennung\/","url_meta":{"origin":326,"position":2},"title":"Suche der Anerkennung","date":"May 15, 2016","format":false,"excerpt":"{:en} Whatever Ms. Quinn-Dadak does or teaches under her own name is not our concern. However, she may not use the name \"Domo Geshe Rinpoche\" nor may she continue to pretend to be his true incarnation. -Dungkar Gonpa Society Tara tried countless times to get the seal of approval as\u2026","rel":"","context":"Similar post","img":{"alt_text":"","src":"\/wp-content\/uploads\/2016\/05\/Tara-in-front-of-Samten-Choling-1.png","width":350,"height":200},"classes":[]},{"id":76,"url":"https:\/\/domogeshetruth.com\/de\/werdegang-domo-geshe-rinpoche\/","url_meta":{"origin":326,"position":3},"title":"Werdegang Domo Geshe","date":"May 15, 2016","format":false,"excerpt":"{:en}Below is an overview of Tara's story, as she often told it in her early years as a \"guru.\" The following details are no longer included on her website's biography page. Fortunately, the 2003 version\u00a0can still be viewed for confirmation that we didn't make this up. A number of areas\u2026","rel":"","context":"Similar post","img":{"alt_text":"","src":"","width":0,"height":0},"classes":[]},{"id":4,"url":"https:\/\/domogeshetruth.com\/de\/","url_meta":{"origin":326,"position":4},"title":"Startseite","date":"May 14, 2016","format":false,"excerpt":"{:en} In 2001, a native Minnesotan in her mid-fifties began a curious claim. It\u00a0started quietly but gradually became louder and bolder. Tara Wangchuk, a Tibetan Buddhist nun for nearly 10 years, began telling attendees at her small talks that despite appearing to be an American woman, she\u00a0was in fact a\u2026","rel":"","context":"Similar post","img":{"alt_text":"","src":"","width":0,"height":0},"classes":[]},{"id":2376,"url":"https:\/\/domogeshetruth.com\/de\/life-timeline\/","url_meta":{"origin":326,"position":5},"title":"Timeline","date":"April 29, 2020","format":false,"excerpt":"We've never known much about Tara's past, since she talks about it only rarely. On top of that, public information has been difficult to find because of all the names she's had - Marjorie Larson, Marjorie Quinn, Tara Quinn, Tara Dadak, Ngawang Chodon, Domo Geshe Rinpoche, Tara Wangchuk - and\u2026","rel":"","context":"Similar post","img":{"alt_text":"","src":"","width":0,"height":0},"classes":[]}],"_links":{"self":[{"href":"https:\/\/domogeshetruth.com\/de\/wp-json\/wp\/v2\/pages\/326"}],"collection":[{"href":"https:\/\/domogeshetruth.com\/de\/wp-json\/wp\/v2\/pages"}],"about":[{"href":"https:\/\/domogeshetruth.com\/de\/wp-json\/wp\/v2\/types\/page"}],"author":[{"embeddable":true,"href":"https:\/\/domogeshetruth.com\/de\/wp-json\/wp\/v2\/users\/2"}],"replies":[{"embeddable":true,"href":"https:\/\/domogeshetruth.com\/de\/wp-json\/wp\/v2\/comments?post=326"}],"version-history":[{"count":72,"href":"https:\/\/domogeshetruth.com\/de\/wp-json\/wp\/v2\/pages\/326\/revisions"}],"predecessor-version":[{"id":4043,"href":"https:\/\/domogeshetruth.com\/de\/wp-json\/wp\/v2\/pages\/326\/revisions\/4043"}],"wp:attachment":[{"href":"https:\/\/domogeshetruth.com\/de\/wp-json\/wp\/v2\/media?parent=326"}],"curies":[{"name":"wp","href":"https:\/\/api.w.org\/{rel}","templated":true}]}}