{"id":76,"date":"2016-05-15T16:27:11","date_gmt":"2016-05-15T21:27:11","guid":{"rendered":"http:\/\/www.domogeshetruth.com\/?page_id=76"},"modified":"2020-04-30T04:18:21","modified_gmt":"2020-04-30T11:18:21","slug":"becoming-domo-geshe-rinpoche","status":"publish","type":"page","link":"https:\/\/domogeshetruth.com\/de\/werdegang-domo-geshe-rinpoche\/","title":{"rendered":"Werdegang Domo Geshe"},"content":{"rendered":"<p>Es folgt eine \u00dcbersicht \u00fcber Taras Geschichte, wie sie sie oft in ihren fr\u00fchen Jahren als \u201eGuru\u201c erz\u00e4hlte. Die folgenden Details sind auf der Biografie-Seite ihrer Website nicht mehr inbegriffen. Gl\u00fccklicherweise kann <a href=\"https:\/\/web.archive.org\/web\/20030421060527\/http:\/\/www.white-conch.org\/biography.html\" target=\"_blank\" rel=\"noopener noreferrer\">die Version von 2003<\/a> immer noch eingesehen werden, womit wir bekr\u00e4ftigen k\u00f6nnen, dass wir uns dies nicht ausgedacht haben. Wie sie sehen k\u00f6nnen werden, weisen einige Bereiche ihrer Geschichte darauf hin, dass sie entweder l\u00fcgt oder t\u00e4uscht.<\/p>\n<p>Wenn Sie nicht mit dem tibetischen System der <em>Tulku<\/em> Anerkennung vertraut sind, empfehlen wir ein grobes Bekanntmachen, bevor Sie mit der Geschichte anfangen. Ein Startpunkt hierzu k\u00f6nnte der Artikel des Telegraph <a href=\"http:\/\/www.telegraph.co.uk\/news\/religion\/10935470\/Tibetan-Buddhism-what-is-reincarnation.html\" target=\"_blank\" rel=\"noopener noreferrer\">Tibetan Buddhism: what is reincarnation?<\/a> sein.<\/p>\n<h5><em>Hintergrund<\/em><\/h5>\n<p><img data-attachment-id=\"607\" data-permalink=\"https:\/\/domogeshetruth.com\/de\/becoming-domo-geshe-rinpoche\/9951040_orig\/\" data-orig-file=\"https:\/\/i0.wp.com\/domogeshetruth.com\/wp-content\/uploads\/2016\/05\/9951040_orig.jpg?fit=306%2C486&amp;ssl=1\" data-orig-size=\"306,486\" data-comments-opened=\"1\" data-image-meta=\"{&quot;aperture&quot;:&quot;0&quot;,&quot;credit&quot;:&quot;&quot;,&quot;camera&quot;:&quot;&quot;,&quot;caption&quot;:&quot;&quot;,&quot;created_timestamp&quot;:&quot;0&quot;,&quot;copyright&quot;:&quot;&quot;,&quot;focal_length&quot;:&quot;0&quot;,&quot;iso&quot;:&quot;0&quot;,&quot;shutter_speed&quot;:&quot;0&quot;,&quot;title&quot;:&quot;&quot;,&quot;orientation&quot;:&quot;0&quot;}\" data-image-title=\"Domo Geshe Rinpoche\" data-image-description=\"\" data-image-caption=\"&lt;p&gt;Kyabje Domo Geshe Rinpoche&lt;\/p&gt;\n\" data-medium-file=\"https:\/\/i0.wp.com\/domogeshetruth.com\/wp-content\/uploads\/2016\/05\/9951040_orig.jpg?fit=189%2C300&amp;ssl=1\" data-large-file=\"https:\/\/i0.wp.com\/domogeshetruth.com\/wp-content\/uploads\/2016\/05\/9951040_orig.jpg?fit=306%2C486&amp;ssl=1\" loading=\"lazy\" class=\"alignright wp-image-607 size-medium\" src=\"\/wp-content\/uploads\/2016\/05\/9951040_orig-189x300.jpg\" width=\"189\" height=\"300\" srcset=\"https:\/\/i0.wp.com\/domogeshetruth.com\/wp-content\/uploads\/2016\/05\/9951040_orig.jpg?resize=189%2C300&amp;ssl=1 189w, https:\/\/i0.wp.com\/domogeshetruth.com\/wp-content\/uploads\/2016\/05\/9951040_orig.jpg?w=306&amp;ssl=1 306w\" sizes=\"(max-width: 189px) 100vw, 189px\" \/><\/p>\n<p>Kyabje Domo Geshe Rinpoche war einer der meistrespektierten tibetischen buddhistischen Meister der letzten Zeit. 1937 in Tibet geboren, wurde er in jungen Jahren anerkannt und in den besten Gelug-Kl\u00f6stern geschult. W\u00e4hrend der Chinesischen Invasion 1959 war er unter schrecklichen Verh\u00e4ltnissen f\u00fcr mehrere Jahre inhaftiert, bis er schlie\u00dflich nach wiederholten Bitten aufgrund seiner sikkimischen Nationalit\u00e4t freigelassen wurde. Er siedelte nach Nordindien um und arbeitete mit dem Dalai Lama um wichtige tibetische Kulturzentren einzurichten. Mitte der 1970er Jahre zog er an die Catskill Mountains in New York. Sein wundervolles, weitl\u00e4ufiges Anwesen wurde Gangjong Namgyal genannt. Der gesch\u00e4tzte Wert dieser L\u00e4nderei betrug 2009 11 Millionen Dollar.<span title='Biografische Details von der Offiziellen Website von Kyabje Domo Geshe Rinpoche, Zugriff am 20. Mai 2016.' class='inline-footnote' style=''>1<span class='footnoteContent' style='display:none;'>Biografische Details von der <a href=\"http:\/\/www.domogesherinpoche.org\/domo-geshe-rinpoche-ngawang-jigme.html\" target=\"_blank\" rel=\"noopener noreferrer\">Offiziellen Website von Kyabje Domo Geshe Rinpoche<\/a>, Zugriff am 20. Mai 2016.<\/span><\/span>\u00a0<span title='Der Wert des Anwesens wird im Isthmus Interview mit Tara aus 2009 angegeben, Zugriff am 11. Juni 2016.' class='inline-footnote' style=''>2<span class='footnoteContent' style='display:none;'>Der Wert des Anwesens wird im <a href=\"http:\/\/isthmus.com\/news\/news\/domo-geshe-rinpoche-to-bless-period-garden-park-on-mansion-hill\/\" target=\"_blank\" rel=\"noopener noreferrer\">Isthmus Interview mit Tara<\/a> aus 2009 angegeben, Zugriff am 11. Juni 2016.<\/span><\/span><\/p>\n<p><img data-attachment-id=\"610\" data-permalink=\"https:\/\/domogeshetruth.com\/de\/becoming-domo-geshe-rinpoche\/ngawang-choden\/\" data-orig-file=\"https:\/\/i0.wp.com\/domogeshetruth.com\/wp-content\/uploads\/2016\/05\/ngawang-choden.jpg?fit=998%2C1531&amp;ssl=1\" data-orig-size=\"998,1531\" data-comments-opened=\"1\" data-image-meta=\"{&quot;aperture&quot;:&quot;0&quot;,&quot;credit&quot;:&quot;&quot;,&quot;camera&quot;:&quot;GT-15000&quot;,&quot;caption&quot;:&quot;&quot;,&quot;created_timestamp&quot;:&quot;0&quot;,&quot;copyright&quot;:&quot;&quot;,&quot;focal_length&quot;:&quot;0&quot;,&quot;iso&quot;:&quot;0&quot;,&quot;shutter_speed&quot;:&quot;0&quot;,&quot;title&quot;:&quot;&quot;,&quot;orientation&quot;:&quot;1&quot;}\" data-image-title=\"ngawang choden\" data-image-description=\"\" data-image-caption=\"\" data-medium-file=\"https:\/\/i0.wp.com\/domogeshetruth.com\/wp-content\/uploads\/2016\/05\/ngawang-choden.jpg?fit=196%2C300&amp;ssl=1\" data-large-file=\"https:\/\/i0.wp.com\/domogeshetruth.com\/wp-content\/uploads\/2016\/05\/ngawang-choden.jpg?fit=668%2C1024&amp;ssl=1\" loading=\"lazy\" class=\"alignright size-medium wp-image-610\" src=\"\/wp-content\/uploads\/2016\/05\/ngawang-choden-196x300.jpg\" alt=\"\" width=\"196\" height=\"300\" srcset=\"https:\/\/i0.wp.com\/domogeshetruth.com\/wp-content\/uploads\/2016\/05\/ngawang-choden.jpg?resize=196%2C300&amp;ssl=1 196w, https:\/\/i0.wp.com\/domogeshetruth.com\/wp-content\/uploads\/2016\/05\/ngawang-choden.jpg?resize=768%2C1178&amp;ssl=1 768w, https:\/\/i0.wp.com\/domogeshetruth.com\/wp-content\/uploads\/2016\/05\/ngawang-choden.jpg?resize=668%2C1024&amp;ssl=1 668w, https:\/\/i0.wp.com\/domogeshetruth.com\/wp-content\/uploads\/2016\/05\/ngawang-choden.jpg?resize=676%2C1037&amp;ssl=1 676w, https:\/\/i0.wp.com\/domogeshetruth.com\/wp-content\/uploads\/2016\/05\/ngawang-choden.jpg?w=998&amp;ssl=1 998w\" sizes=\"(max-width: 196px) 100vw, 196px\" \/><\/p>\n<p>Tara<span title='Es ist nicht einfach zu wissen, wie man sie nennen soll. Ein Grund daf\u00fcr ist die st\u00e4ndige Ver\u00e4nderung ihres Namens w\u00e4hrend ihres Lebens. Folglich wird sie von ihren Kritikern in unterschiedlichen Namen genannt, wie Sie in den Referenzen dieser Seite, vor allem unter dem Punkt Quellen erkennen werden. Nichtsdestotrotz ist ihr legaler Name Tara Wangchuk, daher ist dies auch der Name, auf den wir uns beziehen.' class='inline-footnote' style=''>3<span class='footnoteContent' style='display:none;'>Es ist nicht einfach zu wissen, wie man sie nennen soll. Ein Grund daf\u00fcr ist die st\u00e4ndige Ver\u00e4nderung ihres Namens w\u00e4hrend ihres Lebens. Folglich wird sie von ihren Kritikern in unterschiedlichen Namen genannt, wie Sie in den <a href=\"\/de\/quellen\/\" target=\"_blank\" rel=\"noopener noreferrer\">Referenzen<\/a> dieser Seite, vor allem unter dem Punkt Quellen erkennen werden. Nichtsdestotrotz ist ihr legaler Name Tara Wangchuk, daher ist dies auch der Name, auf den wir uns beziehen.<\/span><\/span> traf Kyabje Domo Geshe Rinpoche kurz nach seiner Ankunft in den Vereinigten Staaten. Sie wurde seine Anh\u00e4ngerin, zog sich auf seinem Land zur\u00fcck und reiste mehrere Male nach Indien um ihre Studien voranzubringen. 1993 erhielt sie von ihm die Ordination als Ani Ngawang Ch\u00f6don. Artikel der Lokalpresse aus ihrer Zeit als Nonne zeigen auf, wie wenig wir \u00fcber ihr Leben wissen bevor sie \u201eGuru\u201c wurde. <span title='Spiritual Journey Takes Buddhist Nun Around the World, Saint Paul Pioneer Press, November 1996 und Unsquishing Jewel Heart, Ann Arbor Observer, Dezember 1999.' class='inline-footnote' style=''>4<span class='footnoteContent' style='display:none;'><a href=\"\/wp-content\/uploads\/2017\/05\/SPPP-article.pdf\" target=\"_blank\" rel=\"noopener noreferrer\"><em>Spiritual Journey Takes Buddhist Nun Around the World<\/em><\/a>, Saint Paul Pioneer Press, November 1996 und <a href=\"\/wp-content\/uploads\/2017\/05\/AAO-article.pdf\" target=\"_blank\" rel=\"noopener noreferrer\"><em>Unsquishing Jewel Heart<\/em><\/a>, Ann Arbor Observer, Dezember 1999.<\/span><\/span><\/p>\n<h5><em>Die Geschichte<\/em><\/h5>\n<p>Taras Theorie der \u00dcbertragung geht ungef\u00e4hr so. Im Jahr 2000 wurde ihr intuitiv bewusst, dass Rinpoche eine unheilbare Krankheit hatte. Weil sie es f\u00fcr intolerabel hielt, dass seine Sch\u00fcler 20-30 Jahre darauf warten m\u00fcssten, dass er wiedergeboren und erneut gelehrt wird und wieder unterrichten kann, kam sie zu ihm, um ihm vorzuschlagen, eine traditionelle Reinkarnation zu umgehen und ihr stattdessen seinen Geist sofort zu \u00fcbertragen. Das w\u00fcrde ihm erm\u00f6glichen, ohne Unterbrechung weiter zu unterrichten.<\/p>\n<p>Tara sagt, dass Rinpoche \u201epr\u00fcfte\u201c ob es von Vorteil w\u00e4re, ihr seinen Geist zu \u00fcbertragen. Und raten Sie mal \u2013 Er entschied sich daf\u00fcr. Daher, so sagt sie, habe er im Mai 2000 im Geheimen ein Ritual abgehalten, das sich \u00dcbertragung des Bewusstseins (auf Tibetisch <em>drong-juk<\/em>) nennt.<span title='Die Praxis des drong-juk ist ein verzeichneter Teil des Tibetischen Buddhismus, zu finden in den Sechs Yogas von Naropa. Eine kurze \u00dcbersicht finden sie hier. Mehr Details aus der Gelug-Perspektive zu drong-juk sind im exzellenten Buch Six Yogas of Naropa von Glen Mullin nachzulesen. Es ist beachtenswert, dass dieser Text, wie bei dem Originalwerk von Je Tsongkhapa, auf dass sich das Buch bezieht, nur ein paar Seiten \u00fcber diese Praxis beinhaltet, da sie als extrem selten und esoterisch gilt und \u00e4u\u00dferster Geheimhaltung unterliegt.' class='inline-footnote' style=''>5<span class='footnoteContent' style='display:none;'>Die Praxis des <em>drong-juk<\/em> ist ein verzeichneter Teil des Tibetischen Buddhismus, zu finden in den Sechs Yogas von Naropa. Eine kurze \u00dcbersicht <a href=\"https:\/\/www.lib.virginia.edu\/exhibits\/dead\/dying.html\" target=\"_blank\" rel=\"noopener noreferrer\">finden sie hier<\/a>. Mehr Details aus der Gelug-Perspektive zu <em>drong-juk<\/em> sind im exzellenten Buch <a href=\"https:\/\/www.amazon.com\/gp\/product\/B001W0ZG3S\" target=\"_blank\" rel=\"noopener noreferrer\"><em>Six Yogas of Naropa<\/em><\/a> von Glen Mullin nachzulesen. Es ist beachtenswert, dass dieser Text, wie bei dem Originalwerk von Je Tsongkhapa, auf dass sich das Buch bezieht, nur ein paar Seiten \u00fcber diese Praxis beinhaltet, da sie als extrem selten und esoterisch gilt und \u00e4u\u00dferster Geheimhaltung unterliegt.<\/span><\/span><\/p>\n<p>Hiernach sagte Tara, h\u00e4tte der Geist ihres Lehrers, zus\u00e4tzlich zu ihrem eigenen, ihren K\u00f6rper eingenommen. So eindrucksvoll diese Behauptung ist, sie sagte auch, das Domo Geshe Rinpoche weiterhin in seinem originalen K\u00f6rper in New York lebte \u2013 anderthalb Jahre bis er verstarb. Infolgedessen beinhaltet ihre Geschichte zwei unvorstellbare Dualit\u00e4ten: Zwei Geister in einem K\u00f6rper und ein Geist in zwei K\u00f6rpern. Tibetische Beschreibungen von <em>drong-juk<\/em> erw\u00e4hnen zwar Einzelf\u00e4lle von zwei Geistern in einem K\u00f6rper, jedoch keine Bilokation!<\/p>\n<p>Tara und ihre Organisation zeigten, dass Domo Geshe Rinpoche einer der gr\u00f6\u00dften Meister aller Zeiten war und wenn irgendjemand eine solche Leistung aus\u00fcben k\u00f6nnte, dann sicherlich er. Allerdings fehlt hier ein wesentliches Detail. Wie wir best\u00e4tigen konnten, erz\u00e4hlte Domo Geshe Rinpoche weder jemandem, dass er solch einen Plan hatte, noch dass er ihn auch durchgef\u00fchrt hatte. Dies ist ein unvorstellbares Detail, das \u00fcbersehen wurde, sollte er Tara als seine n\u00e4chste Reinkarnation ausgesucht haben.<\/p>\n<p>Fahren wir fort mit Taras Geschichte. Sie sagte, Rinpoches Englisch w\u00e4re sehr schlecht gewesen, obwohl er seit 30 Jahren im Westen lebte. Wenn der Vorteil f\u00fcr diese neue Inkarnation der war, die Zuh\u00f6rerschaft im Westen besser zu erreichen, w\u00e4re ein sicheres Englisch essentiell. Da sie angeblich den selben K\u00f6rper belegten und immer miteinander verbunden waren, konnte sie ihn schnell lehren, fast flie\u00dfend englisch zu sprechen. So schnell, dass es fast sofortig war.<\/p>\n<p>Sie mussten nur auf eine Sache achten, bevor er englisch beherrschen konnte. Ihrer Aussage nach musste der Guru, der in ihrem K\u00f6rper lebte, sein muttersprachliches Tibetisch vergessen, um Englisch lernen zu k\u00f6nnen. Diese eine Sache, die am besten Taras Behauptung, Domo Geshe Rinpoche zu sein, demonstriert h\u00e4tte \u2013 eine pl\u00f6tzliche F\u00e4higkeit, flie\u00dfend tibetisch zu sprechen \u2013 war damit vom Tisch.<\/p>\n<p><img data-attachment-id=\"620\" data-permalink=\"https:\/\/domogeshetruth.com\/de\/becoming-domo-geshe-rinpoche\/182563_3774377912547_1819891093_n\/\" data-orig-file=\"https:\/\/i2.wp.com\/domogeshetruth.com\/wp-content\/uploads\/2016\/05\/182563_3774377912547_1819891093_n.jpg?fit=194%2C247&amp;ssl=1\" data-orig-size=\"194,247\" data-comments-opened=\"1\" data-image-meta=\"{&quot;aperture&quot;:&quot;0&quot;,&quot;credit&quot;:&quot;&quot;,&quot;camera&quot;:&quot;&quot;,&quot;caption&quot;:&quot;&quot;,&quot;created_timestamp&quot;:&quot;0&quot;,&quot;copyright&quot;:&quot;&quot;,&quot;focal_length&quot;:&quot;0&quot;,&quot;iso&quot;:&quot;0&quot;,&quot;shutter_speed&quot;:&quot;0&quot;,&quot;title&quot;:&quot;&quot;,&quot;orientation&quot;:&quot;0&quot;}\" data-image-title=\"182563_3774377912547_1819891093_n\" data-image-description=\"\" data-image-caption=\"\" data-medium-file=\"https:\/\/i2.wp.com\/domogeshetruth.com\/wp-content\/uploads\/2016\/05\/182563_3774377912547_1819891093_n.jpg?fit=194%2C247&amp;ssl=1\" data-large-file=\"https:\/\/i2.wp.com\/domogeshetruth.com\/wp-content\/uploads\/2016\/05\/182563_3774377912547_1819891093_n.jpg?fit=194%2C247&amp;ssl=1\" loading=\"lazy\" class=\"alignright size-full wp-image-620\" src=\"\/wp-content\/uploads\/2016\/05\/182563_3774377912547_1819891093_n.jpg\" alt=\"\" width=\"194\" height=\"247\" \/><\/p>\n<p>Im Juni 2001 schlug Tara ihre Zelte im Mahayana Dharma Center in Spring Green, Wisconsin auf. Zum ersten Mal nach der \u201e\u00dcbertragung\u201c, sprach sie vor Publikum,<span title='Private Unterhaltung mit Tara, Fr\u00fchjahr 2002.' class='inline-footnote' style=''>6<span class='footnoteContent' style='display:none;'>Private Unterhaltung mit Tara, Fr\u00fchjahr 2002.<\/span><\/span> obwohl sie jahrelang in den Twin Cities und Ann Arbor gelebt hatte.<span title='Wir wissen, dass sie in diesen Orten gelebt hat, durch Artikel, die sie an diesen Orten vorgestellt haben. Spiritual Journey Takes Buddhist Nun Around the World, Saint Paul Pioneer Press, Juni 1996, und Unsquishing Jewel Heart, Ann Arbor Observer, Dezember 1999.' class='inline-footnote' style=''>7<span class='footnoteContent' style='display:none;'>Wir wissen, dass sie in diesen Orten gelebt hat, durch Artikel, die sie an diesen Orten vorgestellt haben. <em>Spiritual Journey Takes Buddhist Nun Around the World<\/em>, Saint Paul Pioneer Press, Juni 1996, und <em>Unsquishing Jewel Heart<\/em>, Ann Arbor Observer, Dezember 1999.<\/span><\/span> Wenn ihre Geschichte echt gewesen w\u00e4re, warum sollte man die Verbindung zu ihrer Vergangenheit l\u00f6sen?<\/p>\n<p>Zu diesem Zeitpunkt erz\u00e4hlte sie h\u00e4ufig den Teilnehmern ihrer Vortr\u00e4ge, dass sie sowohl Ngawang Chod\u00f6n als auch Domo Geshe Rinpoche sei, obwohl sie der \u00d6ffentlichkeit nicht bekanntgegeben hatte, der Guru zu sein. Tat sie das um zu vermeiden, dass Rinpoche dies rausfinden und somit ihre Behauptung widerlegen konnte?<span title='Sie lehrte ein Reihe in Madison von August bis Oktober 2001 im Shakti Bookstore und k\u00fcndigte sich als Lama Ngawang Chod\u00f6n an.' class='inline-footnote' style=''>8<span class='footnoteContent' style='display:none;'>Sie lehrte ein Reihe in Madison von August bis Oktober 2001 im Shakti Bookstore und k\u00fcndigte sich als Lama Ngawang Chod\u00f6n an.<\/span><\/span><\/p>\n<p>Direkt nach dem Tod von Kyabje Domo Geshe Rinpoche im September 2001 begann sie \u00f6ffentlich unter seinem Namen zu unterrichten.<span title='In ihrer den in Madison nachfolgenden Lehrreihe von Oktober bis November in Kalifornien wurde sie unter Rinpoches Namen angek\u00fcndigt. Sie k\u00f6nnen die Biografie- und Event-Seiten ihrer Original White Conch Website einsehen, die im September\/Oktober 2001 das letzte Mal aktualisiert worden zu sein scheinen, um ihre erste Nutzung seines Namens zu sehen.' class='inline-footnote' style=''>9<span class='footnoteContent' style='display:none;'>In ihrer den in Madison nachfolgenden Lehrreihe von Oktober bis November in Kalifornien wurde sie unter Rinpoches Namen angek\u00fcndigt. Sie k\u00f6nnen die Biografie- und Event-Seiten ihrer Original <a href=\"http:\/\/userpages.chorus.net\/enigma\/biography.html\" target=\"_blank\" rel=\"noopener noreferrer\">White Conch Website<\/a> einsehen, die im September\/Oktober 2001 das letzte Mal aktualisiert worden zu sein scheinen, um ihre erste Nutzung seines Namens zu sehen.<\/span><\/span><\/p>\n<p>Im Januar 2002 zog sie erneut um. Dieses Mal nach Kalifornien \u2013 noch weiter entfernt von ihrer Vergangenheit in Minneapolis und Domo Geshe Rinpoches Gruppe in New York.<\/p>\n<p>Im August 2002 verk\u00fcndete sie ihren Anh\u00e4ngern, dass Ngawang Chod\u00f6n, nun nicht mehr gebraucht und gegangen sei. Sie sei jetzt zu 100% Domo Geshe Rinpoche.<span title='Unterhaltung mit den Teilnehmern ihrer Sommer-Einkehrtage in Santa Rosa, Kalifornien.' class='inline-footnote' style=''>10<span class='footnoteContent' style='display:none;'>Unterhaltung mit den Teilnehmern ihrer Sommer-Einkehrtage in Santa Rosa, Kalifornien.<\/span><\/span><\/p>\n<p>Durch das Erlangen der amerikanischen Erinnerungen, kulturellen Erfahrungen und das Beherrschen der englischen Sprache, k\u00f6nne sie weitermachen und ihr Schicksal erf\u00fcllen, ein gro\u00dfer Guru f\u00fcr den Westen zu sein.<\/p>\n<p>Fast.<\/p>\n<h4 style=\"text-align: center;\"><a href=\"\/de\/suche-der-anerkennung\/\">Lesen Sie jetzt das n\u00e4chste Kapitel der Geschichte \u2013 Suche der Anerkennung<\/a><\/h4>\n","protected":false},"excerpt":{"rendered":"<p>Es folgt eine \u00dcbersicht \u00fcber Taras Geschichte, wie sie sie oft in ihren fr\u00fchen Jahren als \u201eGuru\u201c erz\u00e4hlte. Die folgenden Details sind auf der Biografie-Seite ihrer Website nicht mehr inbegriffen. Gl\u00fccklicherweise kann die Version von 2003 immer noch eingesehen werden, womit wir bekr\u00e4ftigen k\u00f6nnen, dass wir uns dies nicht ausgedacht haben. Wie sie sehen k\u00f6nnen [&hellip;]<\/p>\n","protected":false},"author":2,"featured_media":0,"parent":0,"menu_order":2,"comment_status":"closed","ping_status":"closed","template":"","meta":{"spay_email":""},"translation":{"provider":"WPGlobus","version":"2.8.10","language":"de","enabled_languages":["en","de"],"languages":{"en":{"title":true,"content":true,"excerpt":false},"de":{"title":true,"content":true,"excerpt":false}}},"jetpack_sharing_enabled":true,"jetpack_shortlink":"https:\/\/wp.me\/P7xvQG-1e","jetpack-related-posts":[{"id":18,"url":"https:\/\/domogeshetruth.com\/de\/brief-der-dungkar-gonpa-society\/","url_meta":{"origin":76,"position":0},"title":"Brief der Dungkar Gonpa Society","date":"May 14, 2016","format":false,"excerpt":"{:en}The Dungkar Gonpa Society (DGS) was founded by Kyabje Domo Geshe Rinpoche in 1976 in New York State, shortly after he arrived in the United States. It is the North American branch of his organizations in India and Tibet. The DGS was involved in the search for Rinpoche\u2019s reincarnation, and\u2026","rel":"","context":"Similar post","img":{"alt_text":"","src":"\/wp-content\/uploads\/2016\/05\/4862255.png","width":350,"height":200},"classes":[]},{"id":273,"url":"https:\/\/domogeshetruth.com\/de\/quellen\/","url_meta":{"origin":76,"position":1},"title":"Quellen","date":"May 30, 2016","format":false,"excerpt":"{:en} Official Responses Rejection Letter from the Dungkar Gonpa Society Formal letter\u00a0from the DGS Board and Trijang Choktrul Rinpoche rejecting Tara's claim to be Domo Geshe Rinpoche. Office of His Holiness the Dalai Lama The Dalai Lama officially recognized a different individual in 2006, despite the numerous letters Tara and\u2026","rel":"","context":"Similar post","img":{"alt_text":"","src":"","width":0,"height":0},"classes":[]},{"id":78,"url":"https:\/\/domogeshetruth.com\/de\/suche-der-anerkennung\/","url_meta":{"origin":76,"position":2},"title":"Suche der Anerkennung","date":"May 15, 2016","format":false,"excerpt":"{:en} Whatever Ms. Quinn-Dadak does or teaches under her own name is not our concern. However, she may not use the name \"Domo Geshe Rinpoche\" nor may she continue to pretend to be his true incarnation. -Dungkar Gonpa Society Tara tried countless times to get the seal of approval as\u2026","rel":"","context":"Similar post","img":{"alt_text":"","src":"\/wp-content\/uploads\/2016\/05\/Tara-in-front-of-Samten-Choling-1.png","width":350,"height":200},"classes":[]},{"id":326,"url":"https:\/\/domogeshetruth.com\/de\/antwort-auf-kritik\/","url_meta":{"origin":76,"position":3},"title":"Antwort auf Kritik","date":"June 11, 2016","format":false,"excerpt":"{:en} I am Domo Geshe and wish to inform you that these are lies lies lies that are telling about me. the web site you leave messages with others is lies and lies and lies!!!! I am Domo Geshe. The lies are so outrageous. It keep getting more strange and\u2026","rel":"","context":"Similar post","img":{"alt_text":"","src":"","width":0,"height":0},"classes":[]},{"id":4,"url":"https:\/\/domogeshetruth.com\/de\/","url_meta":{"origin":76,"position":4},"title":"Startseite","date":"May 14, 2016","format":false,"excerpt":"{:en} In 2001, a native Minnesotan in her mid-fifties began a curious claim. It\u00a0started quietly but gradually became louder and bolder. Tara Wangchuk, a Tibetan Buddhist nun for nearly 10 years, began telling attendees at her small talks that despite appearing to be an American woman, she\u00a0was in fact a\u2026","rel":"","context":"Similar post","img":{"alt_text":"","src":"","width":0,"height":0},"classes":[]},{"id":2376,"url":"https:\/\/domogeshetruth.com\/de\/life-timeline\/","url_meta":{"origin":76,"position":5},"title":"Timeline","date":"April 29, 2020","format":false,"excerpt":"We've never known much about Tara's past, since she talks about it only rarely. On top of that, public information has been difficult to find because of all the names she's had - Marjorie Larson, Marjorie Quinn, Tara Quinn, Tara Dadak, Ngawang Chodon, Domo Geshe Rinpoche, Tara Wangchuk - and\u2026","rel":"","context":"Similar post","img":{"alt_text":"","src":"","width":0,"height":0},"classes":[]}],"_links":{"self":[{"href":"https:\/\/domogeshetruth.com\/de\/wp-json\/wp\/v2\/pages\/76"}],"collection":[{"href":"https:\/\/domogeshetruth.com\/de\/wp-json\/wp\/v2\/pages"}],"about":[{"href":"https:\/\/domogeshetruth.com\/de\/wp-json\/wp\/v2\/types\/page"}],"author":[{"embeddable":true,"href":"https:\/\/domogeshetruth.com\/de\/wp-json\/wp\/v2\/users\/2"}],"replies":[{"embeddable":true,"href":"https:\/\/domogeshetruth.com\/de\/wp-json\/wp\/v2\/comments?post=76"}],"version-history":[{"count":137,"href":"https:\/\/domogeshetruth.com\/de\/wp-json\/wp\/v2\/pages\/76\/revisions"}],"predecessor-version":[{"id":2510,"href":"https:\/\/domogeshetruth.com\/de\/wp-json\/wp\/v2\/pages\/76\/revisions\/2510"}],"wp:attachment":[{"href":"https:\/\/domogeshetruth.com\/de\/wp-json\/wp\/v2\/media?parent=76"}],"curies":[{"name":"wp","href":"https:\/\/api.w.org\/{rel}","templated":true}]}}